{"id":278,"date":"2024-03-29T15:18:12","date_gmt":"2024-03-29T21:18:12","guid":{"rendered":"https:\/\/reignhct.com\/?page_id=278"},"modified":"2024-04-24T06:17:35","modified_gmt":"2024-04-24T12:17:35","slug":"clases-grupales-de-rcp","status":"publish","type":"page","link":"https:\/\/reignht.com\/es\/clases-grupales-de-rcp\/","title":{"rendered":"Descuentos para clases de RCP en grupo"},"content":{"rendered":"<section class=\"wp-block-maxi-blocks-container-maxi maxi-block maxi-container-block maxi-light container-maxi-bd567df9-u\" id=\"container-maxi-bd567df9-u\"><div class=\"maxi-background-displayer\"><div class=\"maxi-background-displayer__layer maxi-background-displayer__1\"><\/div><\/div>\n<div class=\"wp-block-maxi-blocks-row-maxi maxi-block maxi-row-block maxi-light row-maxi-9878c5c7-u\" id=\"row-maxi-9878c5c7-u\">\n<div class=\"wp-block-maxi-blocks-column-maxi maxi-block maxi-column-block maxi-light column-maxi-26d872a3-u\" id=\"column-maxi-26d872a3-u\"><div class=\"maxi-background-displayer\"><div class=\"maxi-background-displayer__layer maxi-background-displayer__1\"><\/div><\/div>\n<div class=\"wp-block-maxi-blocks-button-maxi maxi-block maxi-button-block maxi-light button-maxi-9c0fd669-u maxi-block--has-link\" id=\"button-maxi-9c0fd669-u\"><a href=\"https:\/\/reignht.com\/es\/pongase-en-contacto-con\/\" target=\"_self\" url=\"https:\/\/reignht.com\/contact\/\" id=\"https:\/\/reignht.com\/contact\/\" title=\"https:\/\/reignht.com\/contact\/\" type=\"link\" class=\"maxi-components-button components-button maxi-button-block__button maxi-button-block__button--icon-right\"><span class=\"maxi-button-block__content\">P\u00f3ngase en contacto con nosotros<\/span><div class=\"maxi-button-block__icon\"><div><svg class=\"arrow-down-left-line-maxi-svg\" width=\"64px\" height=\"64px\" viewbox=\"0 0 24 24\" fill=\"none\" data-stroke data-hover-stroke stroke=\"var(--maxi-light-icon-stroke,rgba(var(--maxi-light-color-1,255,255,255),1))\" stroke-width=\"2\" stroke-linecap=\"round\" stroke-linejoin=\"round\" stroke-miterlimit=\"10\"><path d=\"M19.177 9.278v9.9H9.278\"\/><path d=\"M19.177 19.177L4.823 4.823\"\/><\/svg><\/div><\/div><\/a><\/div>\n<\/div>\n<\/div>\n\n\n\n<div class=\"wp-block-maxi-blocks-row-maxi maxi-block maxi-row-block maxi-light row-maxi-1d543033-u\" id=\"row-maxi-1d543033-u\">\n<div class=\"wp-block-maxi-blocks-column-maxi maxi-block maxi-column-block maxi-light column-maxi-e93f7ed2-u\" id=\"column-maxi-e93f7ed2-u\">\n<div class=\"wp-block-maxi-blocks-text-maxi maxi-block maxi-text-block maxi-light text-maxi-f2b04761-u\" id=\"text-maxi-f2b04761-u\"><p class=\"maxi-text-block__content\">Descuentos para clases de RCP en grupo<\/p><\/div>\n\n\n\n<div class=\"wp-block-maxi-blocks-text-maxi maxi-block maxi-text-block maxi-light text-maxi-17eeb869-u\" id=\"text-maxi-17eeb869-u\"><p class=\"maxi-text-block__content\">En Reign Healthcare Training, estamos encantados de ofrecer descuentos exclusivos para Clases en Grupo, \u00a1con descuentos de hasta 30%!<\/p><\/div>\n\n\n\n<div class=\"wp-block-maxi-blocks-text-maxi maxi-block maxi-text-block maxi-light text-maxi-328829ba-u\" id=\"text-maxi-328829ba-u\"><p class=\"maxi-text-block__content\">Nuestras clases de RCP para grupos ofrecen a organizaciones, empresas y grupos comunitarios una fant\u00e1stica oportunidad para dotar a sus miembros de las habilidades de RCP que salvan vidas a un precio reducido. Si desea formar a su personal, estudiantes o miembros de la comunidad, nuestras clases en grupo est\u00e1n dise\u00f1adas para ser informativas, atractivas y adaptadas a sus necesidades.<\/p><\/div>\n\n\n\n<div class=\"wp-block-maxi-blocks-text-maxi maxi-block maxi-text-block maxi-light text-maxi-2c263168-u\" id=\"text-maxi-2c263168-u\"><p class=\"maxi-text-block__content\">Estas son algunas de las principales caracter\u00edsticas de nuestras clases de RCP en grupo:<\/p><\/div>\n\n\n\n<div class=\"wp-block-maxi-blocks-list-item-maxi maxi-block maxi-text-block maxi-light text-maxi-631b9d7d-u wp-block-maxi-blocks-text-maxi maxi-list-block\" id=\"text-maxi-631b9d7d-u\"><ul class=\"maxi-text-block__content\">\n<li class=\"wp-block-maxi-blocks-list-item-maxi maxi-block maxi-list-item-block maxi-light list-item-maxi-50223529-u\" id=\"list-item-maxi-50223529-u\"><div class=\"maxi-list-item-block__content\"><span class=\"maxi-text-block--has-custom-format maxi-text-block__custom-format--0\">Instructores expertos<\/span>: Nuestras clases est\u00e1n dirigidas por instructores experimentados y certificados dedicados a garantizar que los participantes adquieran la confianza y las habilidades necesarias para responder eficazmente en caso de emergencia.<\/div><\/li>\n<\/ul><\/div>\n\n\n\n<div class=\"wp-block-maxi-blocks-list-item-maxi maxi-block maxi-text-block maxi-light text-maxi-d1eaefc6-u wp-block-maxi-blocks-text-maxi maxi-list-block\" id=\"text-maxi-d1eaefc6-u\"><ul class=\"maxi-text-block__content\">\n<li class=\"wp-block-maxi-blocks-list-item-maxi maxi-block maxi-list-item-block maxi-light list-item-maxi-82ce7e8c-u\" id=\"list-item-maxi-82ce7e8c-u\"><div class=\"maxi-list-item-block__content\"><span class=\"maxi-text-block--has-custom-format maxi-text-block__custom-format--0\">Formaci\u00f3n pr\u00e1ctica<\/span>: Los participantes tendr\u00e1n la oportunidad de practicar t\u00e9cnicas de RCP en maniqu\u00edes bajo la direcci\u00f3n de nuestros instructores, asegur\u00e1ndose de que est\u00e1n bien preparados para realizar la RCP en escenarios de la vida real.<\/div><\/li>\n<\/ul><\/div>\n\n\n\n<div class=\"wp-block-maxi-blocks-list-item-maxi maxi-block maxi-text-block maxi-light text-maxi-c2321bc7-u wp-block-maxi-blocks-text-maxi maxi-list-block\" id=\"text-maxi-c2321bc7-u\"><ul class=\"maxi-text-block__content\">\n<li class=\"wp-block-maxi-blocks-list-item-maxi maxi-block maxi-list-item-block maxi-light list-item-maxi-4a8d7d9f-u\" id=\"list-item-maxi-4a8d7d9f-u\"><div class=\"maxi-list-item-block__content\"><span class=\"maxi-text-block--has-custom-format maxi-text-block__custom-format--0\">Formaci\u00f3n a medida<\/span>: Cada grupo tiene requisitos \u00fanicos, por lo que ofrecemos programas de formaci\u00f3n personalizados para abordar necesidades y preocupaciones espec\u00edficas.<\/div><\/li>\n<\/ul><\/div>\n\n\n\n<div class=\"wp-block-maxi-blocks-list-item-maxi maxi-block maxi-text-block maxi-light text-maxi-6fdb6601-u wp-block-maxi-blocks-text-maxi maxi-list-block\" id=\"text-maxi-6fdb6601-u\"><ul class=\"maxi-text-block__content\">\n<li class=\"wp-block-maxi-blocks-list-item-maxi maxi-block maxi-list-item-block maxi-light list-item-maxi-33379cda-u\" id=\"list-item-maxi-33379cda-u\"><div class=\"maxi-list-item-block__content\"><span class=\"maxi-text-block--has-custom-format maxi-text-block__custom-format--0\">Rentable<\/span>: Con descuentos de hasta 30% en las clases de RCP en grupo, Reign Healthcare Training proporciona una soluci\u00f3n rentable para las organizaciones que buscan priorizar la seguridad y el bienestar de sus miembros.<\/div><\/li>\n<\/ul><\/div>\n\n\n\n<div class=\"wp-block-maxi-blocks-list-item-maxi maxi-block maxi-text-block maxi-light text-maxi-d9f9f47d-u wp-block-maxi-blocks-text-maxi maxi-list-block\" id=\"text-maxi-d9f9f47d-u\"><ul class=\"maxi-text-block__content\">\n<li class=\"wp-block-maxi-blocks-list-item-maxi maxi-block maxi-list-item-block maxi-light list-item-maxi-1c37e128-u\" id=\"list-item-maxi-1c37e128-u\"><div class=\"maxi-list-item-block__content\"><span class=\"maxi-text-block--has-custom-format maxi-text-block__custom-format--0\">Certificaci\u00f3n<\/span>: Al finalizar el curso, los participantes recibir\u00e1n una certificaci\u00f3n en reanimaci\u00f3n cardiopulmonar, v\u00e1lida durante un periodo determinado, en funci\u00f3n del nivel de certificaci\u00f3n.<\/div><\/li>\n<\/ul><\/div>\n\n\n\n<div class=\"wp-block-maxi-blocks-text-maxi maxi-block maxi-text-block maxi-light text-maxi-7dc7c7e6-u maxi-block--has-link\" id=\"text-maxi-7dc7c7e6-u\"><p class=\"maxi-text-block__content\">Benef\u00edciese de nuestras tarifas reducidas y dote a su grupo de los conocimientos necesarios para salvar vidas. <a href=\"https:\/\/reignht.com\/es\/pongase-en-contacto-con\/\" title=\"P\u00f3ngase en contacto con\" data-type=\"page\" data-id=\"36\" class=\"maxi-text-block--link\"><span class=\"maxi-text-block--has-custom-format maxi-text-block__custom-format--0\">P\u00f3ngase en contacto con Reign Healthcare Training<\/span><\/a> hoy mismo para reservar su clase de RCP en grupo y asegurarse su descuento.<\/p><\/div>\n<\/div>\n<\/div>\n<\/section>","protected":false},"excerpt":{"rendered":"","protected":false},"author":1,"featured_media":381,"parent":0,"menu_order":0,"comment_status":"closed","ping_status":"closed","template":"","meta":{"footnotes":""},"class_list":["post-278","page","type-page","status-publish","has-post-thumbnail","hentry"],"acf":[],"yoast_head":"<!-- This site is optimized with the Yoast SEO plugin v27.3 - https:\/\/yoast.com\/product\/yoast-seo-wordpress\/ -->\n<title>Discounts for Group CPR Classes in Kissimmee, FL<\/title>\n<meta name=\"description\" content=\"Looking for group CPR classes? Join us at Reign Health &amp; Training for comprehensive training sessions to learn life-saving skills together.\" \/>\n<meta name=\"robots\" content=\"index, follow, max-snippet:-1, max-image-preview:large, max-video-preview:-1\" \/>\n<link rel=\"canonical\" href=\"https:\/\/reignht.com\/es\/clases-grupales-de-rcp\/\" \/>\n<meta property=\"og:locale\" content=\"es_ES\" \/>\n<meta property=\"og:type\" content=\"article\" \/>\n<meta property=\"og:title\" content=\"Discounts for Group CPR Classes in Kissimmee, FL\" \/>\n<meta property=\"og:description\" content=\"Looking for group CPR classes? Join us at Reign Health &amp; Training for comprehensive training sessions to learn life-saving skills together.\" \/>\n<meta property=\"og:url\" content=\"https:\/\/reignht.com\/es\/clases-grupales-de-rcp\/\" \/>\n<meta property=\"og:site_name\" content=\"Reign Healthcare Training\" \/>\n<meta property=\"article:modified_time\" content=\"2024-04-24T12:17:35+00:00\" \/>\n<meta property=\"og:image\" content=\"https:\/\/reignht.com\/wp-content\/uploads\/2024\/04\/reign-healthcare-pals.jpg\" \/>\n\t<meta property=\"og:image:width\" content=\"1000\" \/>\n\t<meta property=\"og:image:height\" content=\"907\" \/>\n\t<meta property=\"og:image:type\" content=\"image\/jpeg\" \/>\n<meta name=\"twitter:card\" content=\"summary_large_image\" \/>\n<meta name=\"twitter:label1\" content=\"Tiempo de lectura\" \/>\n\t<meta name=\"twitter:data1\" content=\"2 minutos\" \/>\n<!-- \/ Yoast SEO plugin. -->","yoast_head_json":{"title":"Discounts for Group CPR Classes in Kissimmee, FL","description":"Looking for group CPR classes? Join us at Reign Health & Training for comprehensive training sessions to learn life-saving skills together.","robots":{"index":"index","follow":"follow","max-snippet":"max-snippet:-1","max-image-preview":"max-image-preview:large","max-video-preview":"max-video-preview:-1"},"canonical":"https:\/\/reignht.com\/es\/clases-grupales-de-rcp\/","og_locale":"es_ES","og_type":"article","og_title":"Discounts for Group CPR Classes in Kissimmee, FL","og_description":"Looking for group CPR classes? Join us at Reign Health & Training for comprehensive training sessions to learn life-saving skills together.","og_url":"https:\/\/reignht.com\/es\/clases-grupales-de-rcp\/","og_site_name":"Reign Healthcare Training","article_modified_time":"2024-04-24T12:17:35+00:00","og_image":[{"width":1000,"height":907,"url":"https:\/\/reignht.com\/wp-content\/uploads\/2024\/04\/reign-healthcare-pals.jpg","type":"image\/jpeg"}],"twitter_card":"summary_large_image","twitter_misc":{"Tiempo de lectura":"2 minutos"},"schema":{"@context":"https:\/\/schema.org","@graph":[{"@type":"WebPage","@id":"https:\/\/reignht.com\/group-cpr-classes\/","url":"https:\/\/reignht.com\/group-cpr-classes\/","name":"Discounts for Group CPR Classes in Kissimmee, FL","isPartOf":{"@id":"https:\/\/reignht.com\/#website"},"primaryImageOfPage":{"@id":"https:\/\/reignht.com\/group-cpr-classes\/#primaryimage"},"image":{"@id":"https:\/\/reignht.com\/group-cpr-classes\/#primaryimage"},"thumbnailUrl":"https:\/\/reignht.com\/wp-content\/uploads\/2024\/04\/reign-healthcare-pals.jpg","datePublished":"2024-03-29T21:18:12+00:00","dateModified":"2024-04-24T12:17:35+00:00","description":"Looking for group CPR classes? Join us at Reign Health & Training for comprehensive training sessions to learn life-saving skills together.","breadcrumb":{"@id":"https:\/\/reignht.com\/group-cpr-classes\/#breadcrumb"},"inLanguage":"es","potentialAction":[{"@type":"ReadAction","target":["https:\/\/reignht.com\/group-cpr-classes\/"]}]},{"@type":"ImageObject","inLanguage":"es","@id":"https:\/\/reignht.com\/group-cpr-classes\/#primaryimage","url":"https:\/\/reignht.com\/wp-content\/uploads\/2024\/04\/reign-healthcare-pals.jpg","contentUrl":"https:\/\/reignht.com\/wp-content\/uploads\/2024\/04\/reign-healthcare-pals.jpg","width":1000,"height":907},{"@type":"BreadcrumbList","@id":"https:\/\/reignht.com\/group-cpr-classes\/#breadcrumb","itemListElement":[{"@type":"ListItem","position":1,"name":"Home","item":"https:\/\/reignht.com\/"},{"@type":"ListItem","position":2,"name":"Discounts for Group CPR Classes"}]},{"@type":"WebSite","@id":"https:\/\/reignht.com\/#website","url":"https:\/\/reignht.com\/","name":"Reign Healthcare Training","description":"Reign Healthcare Training","potentialAction":[{"@type":"SearchAction","target":{"@type":"EntryPoint","urlTemplate":"https:\/\/reignht.com\/?s={search_term_string}"},"query-input":{"@type":"PropertyValueSpecification","valueRequired":true,"valueName":"search_term_string"}}],"inLanguage":"es"}]}},"_links":{"self":[{"href":"https:\/\/reignht.com\/es\/wp-json\/wp\/v2\/pages\/278","targetHints":{"allow":["GET"]}}],"collection":[{"href":"https:\/\/reignht.com\/es\/wp-json\/wp\/v2\/pages"}],"about":[{"href":"https:\/\/reignht.com\/es\/wp-json\/wp\/v2\/types\/page"}],"author":[{"embeddable":true,"href":"https:\/\/reignht.com\/es\/wp-json\/wp\/v2\/users\/1"}],"replies":[{"embeddable":true,"href":"https:\/\/reignht.com\/es\/wp-json\/wp\/v2\/comments?post=278"}],"version-history":[{"count":11,"href":"https:\/\/reignht.com\/es\/wp-json\/wp\/v2\/pages\/278\/revisions"}],"predecessor-version":[{"id":660,"href":"https:\/\/reignht.com\/es\/wp-json\/wp\/v2\/pages\/278\/revisions\/660"}],"wp:featuredmedia":[{"embeddable":true,"href":"https:\/\/reignht.com\/es\/wp-json\/wp\/v2\/media\/381"}],"wp:attachment":[{"href":"https:\/\/reignht.com\/es\/wp-json\/wp\/v2\/media?parent=278"}],"curies":[{"name":"wp","href":"https:\/\/api.w.org\/{rel}","templated":true}]}}