{"id":300,"date":"2024-03-29T18:32:09","date_gmt":"2024-03-30T00:32:09","guid":{"rendered":"https:\/\/reignhct.com\/?page_id=300"},"modified":"2025-10-16T14:00:14","modified_gmt":"2025-10-16T20:00:14","slug":"proveedor-de-bls","status":"publish","type":"page","link":"https:\/\/reignht.com\/es\/proveedor-de-bls\/","title":{"rendered":"SVB - Soporte Vital B\u00e1sico"},"content":{"rendered":"<p class=\"maxi-block--use-sc\"><\/p>\n\n\n\n<section class=\"wp-block-maxi-blocks-container-maxi maxi-block maxi-container-block maxi-light container-maxi-b004a45f-u\" id=\"container-maxi-b004a45f-u\">\n<div class=\"wp-block-maxi-blocks-row-maxi maxi-block maxi-row-block maxi-light row-maxi-b3ae4c6f-u\" id=\"row-maxi-b3ae4c6f-u\">\n<div class=\"wp-block-maxi-blocks-column-maxi maxi-block maxi-column-block maxi-light column-maxi-4217b926-u\" id=\"column-maxi-4217b926-u\">\n<figure class=\"wp-block-maxi-blocks-image-maxi maxi-block maxi-image-block maxi-light image-maxi-9388e5a7-u\" id=\"image-maxi-9388e5a7-u\"><div class=\"maxi-hover-preview maxi-image-block-wrapper maxi-image-block-wrapper--fit-parent-size\"><img loading=\"lazy\" decoding=\"async\" class=\"maxi-image-block__image wp-image-378\" src=\"https:\/\/reignht.com\/wp-content\/uploads\/2024\/04\/reign-healrhcare-professionals.jpg\" alt=\"SVB - Soporte Vital B\u00e1sico\" width=\"1000\" height=\"849\" srcset=\"https:\/\/reignht.com\/wp-content\/uploads\/2024\/04\/reign-healrhcare-professionals.jpg 1000w, https:\/\/reignht.com\/wp-content\/uploads\/2024\/04\/reign-healrhcare-professionals-300x255.jpg 300w, https:\/\/reignht.com\/wp-content\/uploads\/2024\/04\/reign-healrhcare-professionals-650x552.jpg 650w, https:\/\/reignht.com\/wp-content\/uploads\/2024\/04\/reign-healrhcare-professionals-768x652.jpg 768w\" sizes=\"auto, (max-width: 1000px) 100vw, 1000px\" \/><\/div><\/figure>\n<\/div>\n\n\n\n<div class=\"wp-block-maxi-blocks-column-maxi maxi-block maxi-column-block maxi-light column-maxi-a1709f74-u\" id=\"column-maxi-a1709f74-u\">\n<div class=\"wp-block-maxi-blocks-text-maxi maxi-block maxi-text-block maxi-light text-maxi-7a543b7c-u\" id=\"text-maxi-7a543b7c-u\"><h2 class=\"maxi-text-block__content\">Soporte vital b\u00e1sico (SVB )\u00a0<\/h2><\/div>\n\n\n\n<div class=\"wp-block-maxi-blocks-text-maxi maxi-block maxi-text-block maxi-light text-maxi-ec9433c7-u\" id=\"text-maxi-ec9433c7-u\"><p class=\"maxi-text-block__content\">El curso BLS se imparte de acuerdo con las directrices de la American Heart Association (AHA). Este curso se centra en :<\/p><\/div>\n\n\n\n<div class=\"wp-block-maxi-blocks-list-item-maxi maxi-block maxi-text-block maxi-light text-maxi-370e5152-u wp-block-maxi-blocks-text-maxi maxi-list-block\" id=\"text-maxi-370e5152-u\"><ul class=\"maxi-text-block__content\">\n<li class=\"wp-block-maxi-blocks-list-item-maxi maxi-block maxi-list-item-block maxi-light list-item-maxi-5cf986ed-u\" id=\"list-item-maxi-5cf986ed-u\"><div class=\"maxi-list-item-block__content\">Reconocimiento de la p\u00e9rdida de la respiraci\u00f3n y\/o de los latidos del coraz\u00f3n.<\/div><\/li>\n<\/ul><\/div>\n\n\n\n<div class=\"wp-block-maxi-blocks-list-item-maxi maxi-block maxi-text-block maxi-light text-maxi-986b5faa-u wp-block-maxi-blocks-text-maxi maxi-list-block\" id=\"text-maxi-986b5faa-u\"><ul class=\"maxi-text-block__content\">\n<li class=\"wp-block-maxi-blocks-list-item-maxi maxi-block maxi-list-item-block maxi-light list-item-maxi-39a6e001-u\" id=\"list-item-maxi-39a6e001-u\"><div class=\"maxi-list-item-block__content\">Proporcionar RCP de alta calidad, ya sea como 1 reanimador o como reanimadores m\u00faltiples.\u00a0<\/div><\/li>\n<\/ul><\/div>\n\n\n\n<div class=\"wp-block-maxi-blocks-list-item-maxi maxi-block maxi-text-block maxi-light text-maxi-39e50a7e-u wp-block-maxi-blocks-text-maxi maxi-list-block\" id=\"text-maxi-39e50a7e-u\"><ul class=\"maxi-text-block__content\">\n<li class=\"wp-block-maxi-blocks-list-item-maxi maxi-block maxi-list-item-block maxi-light list-item-maxi-7e29c89f-u\" id=\"list-item-maxi-7e29c89f-u\"><div class=\"maxi-list-item-block__content\">Uso del desfibrilador externo autom\u00e1tico (DEA)<\/div><\/li>\n<\/ul><\/div>\n\n\n\n<div class=\"wp-block-maxi-blocks-list-item-maxi maxi-block maxi-text-block maxi-light text-maxi-76e80c49-u wp-block-maxi-blocks-text-maxi maxi-list-block\" id=\"text-maxi-76e80c49-u\"><ul class=\"maxi-text-block__content\">\n<li class=\"wp-block-maxi-blocks-list-item-maxi maxi-block maxi-list-item-block maxi-light list-item-maxi-89595d38-u\" id=\"list-item-maxi-89595d38-u\"><div class=\"maxi-list-item-block__content\">Uso de mascarilla facial o m\u00e1scara de ventilaci\u00f3n con bolsa (BVM) para administrar respiraciones artificiales de rescate.\u00a0<\/div><\/li>\n\n\n\n<li class=\"wp-block-maxi-blocks-list-item-maxi maxi-block maxi-list-item-block maxi-light list-item-maxi-b3f03c03-u\" id=\"list-item-maxi-b3f03c03-u\"><div class=\"maxi-list-item-block__content\">Alivio de la asfixia.<\/div><\/li>\n<\/ul><\/div>\n\n\n\n<div class=\"wp-block-maxi-blocks-text-maxi maxi-block maxi-text-block maxi-light text-maxi-2b5d34b1-u\" id=\"text-maxi-2b5d34b1-u\"><h2 class=\"maxi-text-block__content\">\u00bfQui\u00e9n necesita este curso?<\/h2><\/div>\n\n\n\n<div class=\"wp-block-maxi-blocks-text-maxi maxi-block maxi-text-block maxi-light text-maxi-f545e507-u\" id=\"text-maxi-f545e507-u\"><p class=\"maxi-text-block__content\">Este curso es para los estudiantes que entran en el campo de la salud y la pr\u00e1ctica como proveedores de atenci\u00f3n m\u00e9dica, tales como CNA, enfermeras, param\u00e9dicos, m\u00e9dicos, terapeutas respiratorios, fisioterapeutas, consultorios dentales, y otros.<\/p><\/div>\n\n\n\n<div class=\"wp-block-maxi-blocks-button-maxi maxi-block maxi-button-block maxi-light button-maxi-b33532b1-u maxi-block--has-link\" id=\"button-maxi-b33532b1-u\"><a href=\"https:\/\/reignht.enrollware.com\/calendar\" target=\"_blank\" url=\"https:\/\/reignht.enrollware.com\/calendar\" id=\"https:\/\/reignht.enrollware.com\/calendar\" title=\"https:\/\/reignht.enrollware.com\/calendar\" type=\"link\" class=\"maxi-components-button components-button maxi-button-block__button maxi-button-block__button--icon-right\"><span class=\"maxi-button-block__content\">Ver el calendario<\/span><div class=\"maxi-button-block__icon\"><div><svg class=\"arrow-right-2-line-maxi-svg\" width=\"64px\" height=\"64px\" viewbox=\"0 0 24 24\" preserveaspectratio=\"xMidYMid slice\"><path d=\"M6.75 2.9l10.5 9.1-10.5 9.1\" fill=\"none\" data-stroke=\"rgba(var(--maxi-light-color-5,0,0,0),1)\"rgba(var(--maxi-light-color-5,0,0,0),1)\" stroke-width=\"4\" stroke-linecap=\"round\" stroke-linejoin=\"round\" stroke-miterlimit=\"10\"><\/path><\/svg><\/div><\/div><\/a><\/div>\n<\/div>\n<\/div>\n<\/section>\n\n\n\n<section class=\"wp-block-maxi-blocks-container-maxi maxi-block maxi-container-block maxi-light container-maxi-e9174380-u\" id=\"container-maxi-e9174380-u\">\n<div class=\"wp-block-maxi-blocks-row-maxi maxi-block maxi-row-block maxi-light row-maxi-01e7d759-u\" id=\"row-maxi-01e7d759-u\">\n<div class=\"wp-block-maxi-blocks-column-maxi maxi-block maxi-column-block maxi-light column-maxi-3d229d29-u\" id=\"column-maxi-3d229d29-u\">\n<div class=\"wp-block-maxi-blocks-text-maxi maxi-block maxi-text-block maxi-light text-maxi-6e306c26-u maxi-block--has-link\" id=\"text-maxi-6e306c26-u\"><h3 class=\"maxi-text-block__content\"><a href=\"https:\/\/reignht.enrollware.com\/schedule#ct399096\" data-id=\"https:\/\/reignht.enrollware.com\/schedule#ct399096\" title=\"https:\/\/reignht.enrollware.com\/schedule#ct399096\" class=\"maxi-text-block--link\"><span class=\"maxi-text-block--has-custom-format maxi-text-block__custom-format--1\">BLS en persona<\/span><\/a><\/h3><\/div>\n\n\n\n<div class=\"wp-block-maxi-blocks-text-maxi maxi-block maxi-text-block maxi-light text-maxi-714ab95b-u\" id=\"text-maxi-714ab95b-u\"><p class=\"maxi-text-block__content\">Los alumnos participan en este curso convencional dirigido por un instructor, superan la sesi\u00f3n de habilidades y aprueban un examen escrito.\u00a0<\/p><\/div>\n\n\n\n<div class=\"wp-block-maxi-blocks-text-maxi maxi-block maxi-text-block maxi-light text-maxi-54c38e37-u\" id=\"text-maxi-54c38e37-u\"><p class=\"maxi-text-block__content\">La tarjeta de finalizaci\u00f3n de proveedores BLS de la American Heart Association se expide tras superar un examen escrito y una prueba de habilidades.\u00a0<\/p><\/div>\n\n\n\n<div class=\"wp-block-maxi-blocks-list-item-maxi maxi-block maxi-text-block maxi-light text-maxi-325f218e-u wp-block-maxi-blocks-text-maxi maxi-list-block\" id=\"text-maxi-325f218e-u\"><ul class=\"maxi-text-block__content\">\n<li class=\"wp-block-maxi-blocks-list-item-maxi maxi-block maxi-list-item-block maxi-light list-item-maxi-837f2871-u\" id=\"list-item-maxi-837f2871-u\"><div class=\"maxi-list-item-block__content\"><span class=\"maxi-text-block--has-custom-format maxi-text-block__custom-format--0\">Precio<\/span> &#8211; $70<\/div><\/li>\n<\/ul><\/div>\n\n\n\n<div class=\"wp-block-maxi-blocks-text-maxi maxi-block maxi-text-block maxi-light text-maxi-79be771a-u\" id=\"text-maxi-79be771a-u\"><p class=\"maxi-text-block__content\"><span class=\"maxi-text-block--has-custom-format maxi-text-block__custom-format--0\">AHA requiere que cada estudiante DEBE tener un libro de texto actual. Si usted tiene uno, por favor tr\u00e1igalo con usted a clase.<\/span>\u00a0<\/p><\/div>\n\n\n\n<div class=\"wp-block-maxi-blocks-text-maxi maxi-block maxi-text-block maxi-light text-maxi-7a98e68f-u maxi-block--has-link\" id=\"text-maxi-7a98e68f-u\"><h3 class=\"maxi-text-block__content\"><span class=\"maxi-text-block--has-custom-format maxi-text-block__custom-format--0\"><a href=\"https:\/\/reignht.enrollware.com\/schedule#ct399422\" title=\"https:\/\/reignht.enrollware.com\/schedule#ct399422\" data-type=\"link\" data-id=\"https:\/\/reignht.enrollware.com\/schedule#ct399422\" class=\"maxi-text-block--link\">Aprendizaje combinado (BLS HeartCode)<\/a><\/span><\/h3><\/div>\n\n\n\n<div class=\"wp-block-maxi-blocks-text-maxi maxi-block maxi-text-block maxi-light text-maxi-e858cfd8-u\" id=\"text-maxi-e858cfd8-u\"><p class=\"maxi-text-block__content\"><span class=\"maxi-text-block--has-custom-format maxi-text-block__custom-format--0\">Esto ocurre en dos partes:<\/span><\/p><\/div>\n\n\n\n<div class=\"wp-block-maxi-blocks-list-item-maxi maxi-block maxi-text-block maxi-light text-maxi-23711420-u wp-block-maxi-blocks-text-maxi maxi-list-block\" id=\"text-maxi-23711420-u\"><ol class=\"maxi-text-block__content\">\n<li class=\"wp-block-maxi-blocks-list-item-maxi maxi-block maxi-list-item-block maxi-light list-item-maxi-d4e9bed1-u\" id=\"list-item-maxi-d4e9bed1-u\"><div class=\"maxi-list-item-block__content\">Los estudiantes completar\u00e1n el BLS HeartCode en l\u00ednea desde la comodidad de sus hogares.\u00a0<\/div><\/li>\n\n\n\n<li class=\"wp-block-maxi-blocks-list-item-maxi maxi-block maxi-list-item-block maxi-light list-item-maxi-8b23e578-u\" id=\"list-item-maxi-8b23e578-u\"><div class=\"maxi-list-item-block__content\">Venga a nuestra ubicaci\u00f3n para la sesi\u00f3n de habilidades. Utilice el conocimiento de la BLS HeartCode para pasar esta prueba de habilidades.\u00a0<\/div><\/li>\n<\/ol><\/div>\n\n\n\n<div class=\"wp-block-maxi-blocks-text-maxi maxi-block maxi-text-block maxi-light text-maxi-c6e3f27f-u maxi-list-block\" id=\"text-maxi-c6e3f27f-u\"><ol class=\"maxi-text-block__content\"><\/ol><\/div>\n\n\n\n<div class=\"wp-block-maxi-blocks-text-maxi maxi-block maxi-text-block maxi-light text-maxi-ab6de929-u\" id=\"text-maxi-ab6de929-u\"><p class=\"maxi-text-block__content\">La tarjeta de finalizaci\u00f3n de proveedores BLS de la Asociaci\u00f3n Americana del Coraz\u00f3n se expide tras superar con \u00e9xito la prueba de habilidades.\u00a0<\/p><\/div>\n\n\n\n<div class=\"wp-block-maxi-blocks-list-item-maxi maxi-block maxi-text-block maxi-light text-maxi-f2e42402-u wp-block-maxi-blocks-text-maxi maxi-list-block\" id=\"text-maxi-f2e42402-u\"><ul class=\"maxi-text-block__content\">\n<li class=\"wp-block-maxi-blocks-list-item-maxi maxi-block maxi-list-item-block maxi-light list-item-maxi-d09b05ef-u\" id=\"list-item-maxi-d09b05ef-u\"><div class=\"maxi-list-item-block__content\"><span class=\"maxi-text-block--has-custom-format maxi-text-block__custom-format--0\">Precio<\/span> - $100 (Incluye - Heartcode BLS &amp; Skills test)<\/div><\/li>\n<\/ul><\/div>\n\n\n\n<div class=\"wp-block-maxi-blocks-text-maxi maxi-block maxi-text-block maxi-light text-maxi-458c2bf5-u maxi-block--has-link\" id=\"text-maxi-458c2bf5-u\"><h3 class=\"maxi-text-block__content\"><a href=\"https:\/\/reignht.enrollware.com\/schedule#ct399097\" rel=\"noreferrer noopener\" title=\"https:\/\/reignht.enrollware.com\/schedule#ct399097\" data-id=\"https:\/\/reignht.enrollware.com\/schedule#ct399097\" target=\"_blank\" class=\"maxi-text-block--link\">Prueba de habilidades BLS<\/a><\/h3><\/div>\n\n\n\n<div class=\"wp-block-maxi-blocks-text-maxi maxi-block maxi-text-block maxi-light text-maxi-f2f7e3c9-u\" id=\"text-maxi-f2f7e3c9-u\"><p class=\"maxi-text-block__content\">Esta prueba es la segunda parte del aprendizaje combinado. Despu\u00e9s de completar el HeartCode en l\u00ednea, usted debe tomar y pasar la prueba de habilidades para recibir su tarjeta de proveedores de AHA BLS.\u00a0<\/p><\/div>\n\n\n\n<div class=\"wp-block-maxi-blocks-text-maxi maxi-block maxi-text-block maxi-light text-maxi-2a6b8718-u\" id=\"text-maxi-2a6b8718-u\"><p class=\"maxi-text-block__content\">LOS ESTUDIANTES DEBEN PROPORCIONAR EL CERTIFICADO DE FINALIZACI\u00d3N EN L\u00cdNEA DE LA AMERICAN HEART ASSOCIATION PARA REALIZAR ESTA PRUEBA DE HABILIDADES.\u00a0<\/p><\/div>\n\n\n\n<div class=\"wp-block-maxi-blocks-list-item-maxi maxi-block maxi-text-block maxi-light text-maxi-45f1b428-u wp-block-maxi-blocks-text-maxi maxi-list-block\" id=\"text-maxi-45f1b428-u\"><ul class=\"maxi-text-block__content\">\n<li class=\"wp-block-maxi-blocks-list-item-maxi maxi-block maxi-list-item-block maxi-light list-item-maxi-f905e9d0-u\" id=\"list-item-maxi-f905e9d0-u\"><div class=\"maxi-list-item-block__content\"><span class=\"maxi-text-block--has-custom-format maxi-text-block__custom-format--1\">Precio<\/span> &#8211; $55<\/div><\/li>\n<\/ul><\/div>\n\n\n\n<div class=\"wp-block-maxi-blocks-text-maxi maxi-block maxi-text-block maxi-light text-maxi-ccba9673-u\" id=\"text-maxi-ccba9673-u\"><p class=\"maxi-text-block__content\">Para todos los cursos y sesiones de habilidades, por favor, lleve ropa c\u00f3moda y calzado cubierto, ya que los estudiantes estar\u00e1n f\u00edsicamente activos y realizar\u00e1n habilidades necesarias para salvar vidas.\u00a0<\/p><\/div>\n\n\n\n<div class=\"wp-block-maxi-blocks-text-maxi maxi-block maxi-text-block maxi-light text-maxi-9b121d5d-u maxi-block--has-link\" id=\"text-maxi-9b121d5d-u\"><p class=\"maxi-text-block__content\">Para tarifas de grupo (6 personas o m\u00e1s), <a href=\"https:\/\/reignht.com\/es\/clases-grupales-de-rcp\/\" title=\"Descuentos para clases de RCP en grupo\" data-type=\"page\" data-id=\"278\" class=\"maxi-text-block--link\"><span class=\"maxi-text-block--has-custom-format maxi-text-block__custom-format--0\">pulse aqu\u00ed<\/span><\/a><\/p><\/div>\n\n\n\n<div class=\"wp-block-maxi-blocks-button-maxi maxi-block maxi-button-block maxi-light button-maxi-a44a0721-u maxi-block--has-link\" id=\"button-maxi-a44a0721-u\"><a href=\"https:\/\/reignht.enrollware.com\/calendar\" target=\"_blank\" url=\"https:\/\/reignht.enrollware.com\/calendar\" id=\"https:\/\/reignht.enrollware.com\/calendar\" title=\"https:\/\/reignht.enrollware.com\/calendar\" type=\"link\" class=\"maxi-components-button components-button maxi-button-block__button maxi-button-block__button--icon-right\"><span class=\"maxi-button-block__content\">Ver el calendario<\/span><div class=\"maxi-button-block__icon\"><div><svg class=\"arrow-right-2-line-maxi-svg\" width=\"64px\" height=\"64px\" viewbox=\"0 0 24 24\" preserveaspectratio=\"xMidYMid slice\"><path d=\"M6.75 2.9l10.5 9.1-10.5 9.1\" fill=\"none\" data-stroke=\"rgba(var(--maxi-light-color-5,0,0,0),1)\"rgba(var(--maxi-light-color-5,0,0,0),1)\" stroke-width=\"4\" stroke-linecap=\"round\" stroke-linejoin=\"round\" stroke-miterlimit=\"10\"><\/path><\/svg><\/div><\/div><\/a><\/div>\n<\/div>\n\n\n\n<div class=\"wp-block-maxi-blocks-column-maxi maxi-block maxi-column-block maxi-light column-maxi-37318aec-u\" id=\"column-maxi-37318aec-u\"><div class=\"maxi-background-displayer\"><div class=\"maxi-background-displayer__layer maxi-background-displayer__1\"><\/div><\/div><\/div>\n<\/div>\n<\/section>","protected":false},"excerpt":{"rendered":"","protected":false},"author":1,"featured_media":0,"parent":0,"menu_order":0,"comment_status":"closed","ping_status":"closed","template":"","meta":{"footnotes":""},"class_list":["post-300","page","type-page","status-publish","hentry"],"acf":[],"yoast_head":"<!-- This site is optimized with the Yoast SEO plugin v27.3 - https:\/\/yoast.com\/product\/yoast-seo-wordpress\/ -->\n<title>BLS - Basic Life Support Provider in Kissimmee, FL<\/title>\n<meta name=\"description\" content=\"Become a certified BLS Provider in Kissimmee, FL, with our comprehensive training course. Learn life-saving skills &amp; earn your certification.\" \/>\n<meta name=\"robots\" content=\"index, follow, max-snippet:-1, max-image-preview:large, max-video-preview:-1\" \/>\n<link rel=\"canonical\" href=\"https:\/\/reignht.com\/es\/proveedor-de-bls\/\" \/>\n<meta property=\"og:locale\" content=\"es_ES\" \/>\n<meta property=\"og:type\" content=\"article\" \/>\n<meta property=\"og:title\" content=\"BLS - Basic Life Support Provider in Kissimmee, FL\" \/>\n<meta property=\"og:description\" content=\"Become a certified BLS Provider in Kissimmee, FL, with our comprehensive training course. Learn life-saving skills &amp; earn your certification.\" \/>\n<meta property=\"og:url\" content=\"https:\/\/reignht.com\/es\/proveedor-de-bls\/\" \/>\n<meta property=\"og:site_name\" content=\"Reign Healthcare Training\" \/>\n<meta property=\"article:modified_time\" content=\"2025-10-16T20:00:14+00:00\" \/>\n<meta property=\"og:image\" content=\"https:\/\/reignht.com\/wp-content\/uploads\/2024\/04\/reign-healrhcare-professionals.jpg\" \/>\n\t<meta property=\"og:image:width\" content=\"1000\" \/>\n\t<meta property=\"og:image:height\" content=\"849\" \/>\n\t<meta property=\"og:image:type\" content=\"image\/jpeg\" \/>\n<meta name=\"twitter:card\" content=\"summary_large_image\" \/>\n<meta name=\"twitter:label1\" content=\"Tiempo de lectura\" \/>\n\t<meta name=\"twitter:data1\" content=\"2 minutos\" \/>\n<!-- \/ Yoast SEO plugin. -->","yoast_head_json":{"title":"BLS - Basic Life Support Provider in Kissimmee, FL","description":"Become a certified BLS Provider in Kissimmee, FL, with our comprehensive training course. Learn life-saving skills & earn your certification.","robots":{"index":"index","follow":"follow","max-snippet":"max-snippet:-1","max-image-preview":"max-image-preview:large","max-video-preview":"max-video-preview:-1"},"canonical":"https:\/\/reignht.com\/es\/proveedor-de-bls\/","og_locale":"es_ES","og_type":"article","og_title":"BLS - Basic Life Support Provider in Kissimmee, FL","og_description":"Become a certified BLS Provider in Kissimmee, FL, with our comprehensive training course. Learn life-saving skills & earn your certification.","og_url":"https:\/\/reignht.com\/es\/proveedor-de-bls\/","og_site_name":"Reign Healthcare Training","article_modified_time":"2025-10-16T20:00:14+00:00","og_image":[{"width":1000,"height":849,"url":"https:\/\/reignht.com\/wp-content\/uploads\/2024\/04\/reign-healrhcare-professionals.jpg","type":"image\/jpeg"}],"twitter_card":"summary_large_image","twitter_misc":{"Tiempo de lectura":"2 minutos"},"schema":{"@context":"https:\/\/schema.org","@graph":[{"@type":"WebPage","@id":"https:\/\/reignht.com\/bls-provider\/","url":"https:\/\/reignht.com\/bls-provider\/","name":"BLS - Basic Life Support Provider in Kissimmee, FL","isPartOf":{"@id":"https:\/\/reignht.com\/#website"},"primaryImageOfPage":{"@id":"https:\/\/reignht.com\/bls-provider\/#primaryimage"},"image":{"@id":"https:\/\/reignht.com\/bls-provider\/#primaryimage"},"thumbnailUrl":"https:\/\/reignht.com\/wp-content\/uploads\/2024\/04\/reign-healrhcare-professionals.jpg","datePublished":"2024-03-30T00:32:09+00:00","dateModified":"2025-10-16T20:00:14+00:00","description":"Become a certified BLS Provider in Kissimmee, FL, with our comprehensive training course. Learn life-saving skills & earn your certification.","breadcrumb":{"@id":"https:\/\/reignht.com\/bls-provider\/#breadcrumb"},"inLanguage":"es","potentialAction":[{"@type":"ReadAction","target":["https:\/\/reignht.com\/bls-provider\/"]}]},{"@type":"ImageObject","inLanguage":"es","@id":"https:\/\/reignht.com\/bls-provider\/#primaryimage","url":"https:\/\/reignht.com\/wp-content\/uploads\/2024\/04\/reign-healrhcare-professionals.jpg","contentUrl":"https:\/\/reignht.com\/wp-content\/uploads\/2024\/04\/reign-healrhcare-professionals.jpg"},{"@type":"BreadcrumbList","@id":"https:\/\/reignht.com\/bls-provider\/#breadcrumb","itemListElement":[{"@type":"ListItem","position":1,"name":"Home","item":"https:\/\/reignht.com\/"},{"@type":"ListItem","position":2,"name":"BLS &#8211; Basic Life Support"}]},{"@type":"WebSite","@id":"https:\/\/reignht.com\/#website","url":"https:\/\/reignht.com\/","name":"Reign Healthcare Training","description":"Reign Healthcare Training","potentialAction":[{"@type":"SearchAction","target":{"@type":"EntryPoint","urlTemplate":"https:\/\/reignht.com\/?s={search_term_string}"},"query-input":{"@type":"PropertyValueSpecification","valueRequired":true,"valueName":"search_term_string"}}],"inLanguage":"es"}]}},"_links":{"self":[{"href":"https:\/\/reignht.com\/es\/wp-json\/wp\/v2\/pages\/300","targetHints":{"allow":["GET"]}}],"collection":[{"href":"https:\/\/reignht.com\/es\/wp-json\/wp\/v2\/pages"}],"about":[{"href":"https:\/\/reignht.com\/es\/wp-json\/wp\/v2\/types\/page"}],"author":[{"embeddable":true,"href":"https:\/\/reignht.com\/es\/wp-json\/wp\/v2\/users\/1"}],"replies":[{"embeddable":true,"href":"https:\/\/reignht.com\/es\/wp-json\/wp\/v2\/comments?post=300"}],"version-history":[{"count":34,"href":"https:\/\/reignht.com\/es\/wp-json\/wp\/v2\/pages\/300\/revisions"}],"predecessor-version":[{"id":873,"href":"https:\/\/reignht.com\/es\/wp-json\/wp\/v2\/pages\/300\/revisions\/873"}],"wp:attachment":[{"href":"https:\/\/reignht.com\/es\/wp-json\/wp\/v2\/media?parent=300"}],"curies":[{"name":"wp","href":"https:\/\/api.w.org\/{rel}","templated":true}]}}