{"id":312,"date":"2024-03-29T18:49:16","date_gmt":"2024-03-30T00:49:16","guid":{"rendered":"https:\/\/reignhct.com\/?page_id=312"},"modified":"2024-11-18T09:12:21","modified_gmt":"2024-11-18T15:12:21","slug":"aha-cpr-aed-heartsaver","status":"publish","type":"page","link":"https:\/\/reignht.com\/es\/aha-cpr-aed-heartsaver\/","title":{"rendered":"AHA RCP \/ DEA \/ Primeros Auxilios Heartsaver"},"content":{"rendered":"<section class=\"wp-block-maxi-blocks-container-maxi maxi-block maxi-container-block maxi-light container-maxi-23ccd277-u\" id=\"container-maxi-23ccd277-u\">\n<div class=\"wp-block-maxi-blocks-row-maxi maxi-block maxi-row-block maxi-light row-maxi-64c206f2-u\" id=\"row-maxi-64c206f2-u\">\n<div class=\"wp-block-maxi-blocks-column-maxi maxi-block maxi-column-block maxi-light column-maxi-7dfff382-u\" id=\"column-maxi-7dfff382-u\">\n<figure class=\"wp-block-maxi-blocks-image-maxi maxi-block maxi-image-block maxi-light image-maxi-b2df89b2-u\" id=\"image-maxi-b2df89b2-u\"><div class=\"maxi-hover-preview maxi-image-block-wrapper maxi-image-block-wrapper--fit-parent-size\"><img loading=\"lazy\" decoding=\"async\" class=\"maxi-image-block__image wp-image-425\" src=\"https:\/\/reignht.com\/wp-content\/uploads\/2024\/04\/heartsaver.jpg\" alt=\"salvacorazones\" width=\"1202\" height=\"1000\" srcset=\"https:\/\/reignht.com\/wp-content\/uploads\/2024\/04\/heartsaver.jpg 1202w, https:\/\/reignht.com\/wp-content\/uploads\/2024\/04\/heartsaver-300x250.jpg 300w, https:\/\/reignht.com\/wp-content\/uploads\/2024\/04\/heartsaver-650x541.jpg 650w, https:\/\/reignht.com\/wp-content\/uploads\/2024\/04\/heartsaver-768x639.jpg 768w\" sizes=\"auto, (max-width: 1202px) 100vw, 1202px\" \/><\/div><\/figure>\n<\/div>\n\n\n\n<div class=\"wp-block-maxi-blocks-column-maxi maxi-block maxi-column-block maxi-light column-maxi-d76493ad-u\" id=\"column-maxi-d76493ad-u\">\n<div class=\"wp-block-maxi-blocks-text-maxi maxi-block maxi-text-block maxi-light text-maxi-f42cca59-u\" id=\"text-maxi-f42cca59-u\"><p class=\"maxi-text-block__content\">(AHA) RCP \/ DEA \/ Primeros Auxilios Heartsaver<\/p><\/div>\n\n\n\n<div class=\"wp-block-maxi-blocks-text-maxi maxi-block maxi-text-block maxi-light text-maxi-66d26793-u\" id=\"text-maxi-66d26793-u\"><p class=\"maxi-text-block__content\">American Heart Association (AHA) RCP \/ DEA \/ Primeros Auxilios Heartsaver curso est\u00e1 dise\u00f1ado para capacitar a individuos y grupos. Los participantes en este curso aprender\u00e1n :<\/p><\/div>\n\n\n\n<div class=\"wp-block-maxi-blocks-text-maxi maxi-block maxi-text-block maxi-light text-maxi-397cfa6f-u\" id=\"text-maxi-397cfa6f-u\"><p class=\"maxi-text-block__content\">1. Identificar cu\u00e1ndo una persona herida necesita ayuda.<\/p><\/div>\n\n\n\n<div class=\"wp-block-maxi-blocks-text-maxi maxi-block maxi-text-block maxi-light text-maxi-5323a8fd-u\" id=\"text-maxi-5323a8fd-u\"><p class=\"maxi-text-block__content\">2. Proporcionar una RCP de alta calidad.<\/p><\/div>\n\n\n\n<div class=\"wp-block-maxi-blocks-text-maxi maxi-block maxi-text-block maxi-light text-maxi-004450b6-u\" id=\"text-maxi-004450b6-u\"><p class=\"maxi-text-block__content\">3. Alivio de una persona que se asfixia.<\/p><\/div>\n\n\n\n<div class=\"wp-block-maxi-blocks-text-maxi maxi-block maxi-text-block maxi-light text-maxi-da89a123-u\" id=\"text-maxi-da89a123-u\"><p class=\"maxi-text-block__content\">4. 4. Uso correcto del DEA.<\/p><\/div>\n\n\n\n<div class=\"wp-block-maxi-blocks-text-maxi maxi-block maxi-text-block maxi-light text-maxi-9d4789c3-u\" id=\"text-maxi-9d4789c3-u\"><p class=\"maxi-text-block__content\">5. Controlar\/stop la hemorragia.\u00a0<\/p><\/div>\n\n\n\n<div class=\"wp-block-maxi-blocks-text-maxi maxi-block maxi-text-block maxi-light text-maxi-940d577b-u\" id=\"text-maxi-940d577b-u\"><p class=\"maxi-text-block__content\">Las sesiones pr\u00e1cticas permiten a los participantes poner en pr\u00e1ctica estas t\u00e9cnicas bajo la direcci\u00f3n de instructores experimentados.<\/p><\/div>\n\n\n\n<div class=\"wp-block-maxi-blocks-text-maxi maxi-block maxi-text-block maxi-light text-maxi-b52730e8-u\" id=\"text-maxi-b52730e8-u\"><p class=\"maxi-text-block__content\">\u00bfQui\u00e9n necesita este curso?<\/p><\/div>\n\n\n\n<div class=\"wp-block-maxi-blocks-text-maxi maxi-block maxi-text-block maxi-light text-maxi-081647e4-u\" id=\"text-maxi-081647e4-u\"><p class=\"maxi-text-block__content\">Pueden realizar este curso el p\u00fablico en general, profesores, personal de seguridad, entrenadores, entrenadores personales, instructores de yoga\/pilates, padres primerizos, cuidadores de ni\u00f1os, canguros y ni\u00f1eras.\u00a0<\/p><\/div>\n\n\n\n<div class=\"wp-block-maxi-blocks-button-maxi maxi-block maxi-button-block maxi-light button-maxi-9d05feb6-u maxi-block--has-link\" id=\"button-maxi-9d05feb6-u\"><a href=\"https:\/\/reignht.enrollware.com\/calendar\" target=\"_self\" url=\"https:\/\/reignht.enrollware.com\/calendar\" id=\"https:\/\/reignht.enrollware.com\/calendar\" title=\"https:\/\/reignht.enrollware.com\/calendar\" type=\"link\" class=\"maxi-components-button components-button maxi-button-block__button maxi-button-block__button--icon-right\"><span class=\"maxi-button-block__content\">Ver el calendario<\/span><div class=\"maxi-button-block__icon\"><div><svg class=\"arrow-right-2-line-maxi-svg\" width=\"64px\" height=\"64px\" viewbox=\"0 0 24 24\" preserveaspectratio=\"xMidYMid slice\"><path d=\"M6.75 2.9l10.5 9.1-10.5 9.1\" fill=\"none\" data-stroke=\"rgba(var(--maxi-light-color-5,0,0,0),1)\"rgba(var(--maxi-light-color-5,0,0,0),1)\" stroke-width=\"4\" stroke-linecap=\"round\" stroke-linejoin=\"round\" stroke-miterlimit=\"10\"><\/path><\/svg><\/div><\/div><\/a><\/div>\n<\/div>\n<\/div>\n<\/section>\n\n\n\n<section class=\"wp-block-maxi-blocks-container-maxi maxi-block maxi-container-block maxi-light container-maxi-beb4499b-u\" id=\"container-maxi-beb4499b-u\">\n<div class=\"wp-block-maxi-blocks-row-maxi maxi-block maxi-row-block maxi-light row-maxi-54184035-u\" id=\"row-maxi-54184035-u\">\n<div class=\"wp-block-maxi-blocks-column-maxi maxi-block maxi-column-block maxi-light column-maxi-6a88a06a-u\" id=\"column-maxi-6a88a06a-u\">\n<div class=\"wp-block-maxi-blocks-text-maxi maxi-block maxi-text-block maxi-light text-maxi-b40a30f7-u\" id=\"text-maxi-b40a30f7-u\"><p class=\"maxi-text-block__content\">Se trata de un curso mixto que consta de 2 partes:<\/p><\/div>\n\n\n\n<div class=\"wp-block-maxi-blocks-list-item-maxi maxi-block maxi-text-block maxi-light text-maxi-e6cb0422-u wp-block-maxi-blocks-text-maxi maxi-list-block\" id=\"text-maxi-e6cb0422-u\"><ul class=\"maxi-text-block__content\">\n<li class=\"wp-block-maxi-blocks-list-item-maxi maxi-block maxi-list-item-block maxi-light list-item-maxi-598820e0-u\" id=\"list-item-maxi-598820e0-u\"><div class=\"maxi-list-item-block__content\"><span class=\"maxi-text-block--has-custom-format maxi-text-block__custom-format--0\">Parte 1<\/span>. Completar\u00e1 la parte en l\u00ednea HeartCode desde la comodidad de su hogar.\u00a0<\/div><\/li>\n<\/ul><\/div>\n\n\n\n<div class=\"wp-block-maxi-blocks-list-item-maxi maxi-block maxi-text-block maxi-light text-maxi-a2401592-u wp-block-maxi-blocks-text-maxi maxi-list-block\" id=\"text-maxi-a2401592-u\"><ul class=\"maxi-text-block__content\">\n<li class=\"wp-block-maxi-blocks-list-item-maxi maxi-block maxi-list-item-block maxi-light list-item-maxi-552e41e1-u\" id=\"list-item-maxi-552e41e1-u\"><div class=\"maxi-list-item-block__content\"><span class=\"maxi-text-block--has-custom-format maxi-text-block__custom-format--0\">Parte 2<\/span>. Utilizando los conocimientos del HeartCode, pasar la sesi\u00f3n de habilidades en nuestra ubicaci\u00f3n o podemos llegar a usted (grupo de 6 o m\u00e1s). Para tarifas de grupo, haga clic aqu\u00ed<\/div><\/li>\n<\/ul><\/div>\n\n\n\n<div class=\"wp-block-maxi-blocks-text-maxi maxi-block maxi-text-block maxi-light text-maxi-d02da2a9-u\" id=\"text-maxi-d02da2a9-u\"><p class=\"maxi-text-block__content\">La tarjeta de finalizaci\u00f3n de los proveedores de AHA Heartsaver se emite despu\u00e9s de la finalizaci\u00f3n con \u00e9xito de la prueba de habilidades.<\/p><\/div>\n\n\n\n<div class=\"wp-block-maxi-blocks-text-maxi maxi-block maxi-text-block maxi-light text-maxi-112bfae0-u\" id=\"text-maxi-112bfae0-u\"><p class=\"maxi-text-block__content\">LOS ESTUDIANTES DEBEN PROPORCIONAR EL CERTIFICADO DE FINALIZACI\u00d3N EN L\u00cdNEA DE LA AMERICAN HEART ASSOCIATION PARA PODER REALIZAR ESTA PRUEBA DE HABILIDADES.\u00a0<\/p><\/div>\n\n\n\n<div class=\"wp-block-maxi-blocks-text-maxi maxi-block maxi-text-block maxi-light text-maxi-44d084fa-u\" id=\"text-maxi-44d084fa-u\"><p class=\"maxi-text-block__content\"><span class=\"maxi-text-block--has-custom-format maxi-text-block__custom-format--1\">Precio<\/span> - $90, incluye :<\/p><\/div>\n\n\n\n<div class=\"wp-block-maxi-blocks-list-item-maxi maxi-block maxi-text-block maxi-light text-maxi-436177d1-u wp-block-maxi-blocks-text-maxi maxi-list-block\" id=\"text-maxi-436177d1-u\"><ul class=\"maxi-text-block__content\">\n<li class=\"wp-block-maxi-blocks-list-item-maxi maxi-block maxi-list-item-block maxi-light list-item-maxi-117e4851-u\" id=\"list-item-maxi-117e4851-u\"><div class=\"maxi-list-item-block__content\">Heartsaver RCP\/Primeros auxilios C\u00f3digo de acceso en l\u00ednea\u00a0<\/div><\/li>\n<\/ul><\/div>\n\n\n\n<div class=\"wp-block-maxi-blocks-list-item-maxi maxi-block maxi-text-block maxi-light text-maxi-aa25755f-u wp-block-maxi-blocks-text-maxi maxi-list-block\" id=\"text-maxi-aa25755f-u\"><ul class=\"maxi-text-block__content\">\n<li class=\"wp-block-maxi-blocks-list-item-maxi maxi-block maxi-list-item-block maxi-light list-item-maxi-209557a6-u\" id=\"list-item-maxi-209557a6-u\"><div class=\"maxi-list-item-block__content\">Libro electr\u00f3nico<\/div><\/li>\n<\/ul><\/div>\n\n\n\n<div class=\"wp-block-maxi-blocks-list-item-maxi maxi-block maxi-text-block maxi-light text-maxi-967071ef-u wp-block-maxi-blocks-text-maxi maxi-list-block\" id=\"text-maxi-967071ef-u\"><ul class=\"maxi-text-block__content\">\n<li class=\"wp-block-maxi-blocks-list-item-maxi maxi-block maxi-list-item-block maxi-light list-item-maxi-eedcd5be-u\" id=\"list-item-maxi-eedcd5be-u\"><div class=\"maxi-list-item-block__content\">Sesi\u00f3n de habilidades - 30 minutos<\/div><\/li>\n<\/ul><\/div>\n\n\n\n<div class=\"wp-block-maxi-blocks-text-maxi maxi-block maxi-text-block maxi-light text-maxi-d81422bb-u\" id=\"text-maxi-d81422bb-u\"><p class=\"maxi-text-block__content\">Para todos los cursos y sesiones de habilidades, por favor use ropa c\u00f3moda y calzado cubierto, ya que los estudiantes estar\u00e1n f\u00edsicamente activos en la realizaci\u00f3n de las habilidades de salvamento que se ense\u00f1aron.\u00a0<\/p><\/div>\n\n\n\n<div class=\"wp-block-maxi-blocks-text-maxi maxi-block maxi-text-block maxi-light text-maxi-f6b79b2e-u maxi-block--has-link\" id=\"text-maxi-f6b79b2e-u\"><p class=\"maxi-text-block__content\">Para tarifas de grupo,\u00a0<a href=\"https:\/\/reignht.com\/es\/clases-grupales-de-rcp\/\" data-type=\"link\" data-id=\"https:\/\/reignht.com\/group-cpr-classes\/\" title=\"https:\/\/reignht.com\/group-cpr-classes\/\" class=\"maxi-text-block--link\"><span class=\"maxi-text-block--has-custom-format maxi-text-block__custom-format--0\">Haga clic aqu\u00ed.<\/span><\/a><\/p><\/div>\n\n\n\n<div class=\"wp-block-maxi-blocks-button-maxi maxi-block maxi-button-block maxi-light button-maxi-5e63b9c1-u maxi-block--has-link\" id=\"button-maxi-5e63b9c1-u\"><a href=\"https:\/\/reignht.enrollware.com\/calendar\" target=\"_blank\" url=\"https:\/\/reignht.enrollware.com\/calendar\" id=\"https:\/\/reignht.enrollware.com\/calendar\" title=\"https:\/\/reignht.enrollware.com\/calendar\" type=\"link\" class=\"maxi-components-button components-button maxi-button-block__button maxi-button-block__button--icon-right\"><span class=\"maxi-button-block__content\">Ver el calendario<\/span><div class=\"maxi-button-block__icon\"><div><svg class=\"arrow-right-2-line-maxi-svg\" width=\"64px\" height=\"64px\" viewbox=\"0 0 24 24\" preserveaspectratio=\"xMidYMid slice\"><path d=\"M6.75 2.9l10.5 9.1-10.5 9.1\" fill=\"none\" data-stroke=\"rgba(var(--maxi-light-color-5,0,0,0),1)\"rgba(var(--maxi-light-color-5,0,0,0),1)\" stroke-width=\"4\" stroke-linecap=\"round\" stroke-linejoin=\"round\" stroke-miterlimit=\"10\"><\/path><\/svg><\/div><\/div><\/a><\/div>\n<\/div>\n\n\n\n<div class=\"wp-block-maxi-blocks-column-maxi maxi-block maxi-column-block maxi-light column-maxi-a979ef0c-u\" id=\"column-maxi-a979ef0c-u\"><div class=\"maxi-background-displayer\"><div class=\"maxi-background-displayer__layer maxi-background-displayer__1\"><\/div><\/div><\/div>\n<\/div>\n<\/section>\n\n\n\n<div class=\"wp-block-maxi-blocks-text-maxi maxi-block maxi-text-block maxi-light text-maxi-08af4cd0-u\" id=\"text-maxi-08af4cd0-u\"><h2 class=\"maxi-text-block__content\">Nuestros clientes est\u00e1n bien\u00a0<span class=\"maxi-text-block--has-custom-format maxi-text-block__custom-format--1\">consciente<\/span>\u00a0de la\u00a0<span class=\"maxi-text-block--has-custom-format maxi-text-block__custom-format--1\">valor<\/span>\u00a0traemos<\/h2><\/div>\n\n\n\n<div id=\"wid_1714774877054\" class=\"maxi-block--use-sc\"><\/div>\n<script>\nsc = document.createElement(\"script\");\nsc.setAttribute(\"defer\",true);\nsc.setAttribute(\"src\",\"https:\/\/dbwx2z9xa7qt9.cloudfront.net\/bundle.js?cachebust=1714774877054\");\nsc.setAttribute(\"theme\",\"light\");\nsc.setAttribute(\"footer\", \"false\"); \nsc.setAttribute(\"widget-type\",\"carousel\");\nsc.setAttribute(\"token\",\"66355b164e0d7bd4c9512f76\");\nsc.setAttribute('apiurl', \"https:\/\/server.onlinereviews.tech\/api\/v0.0.9\");\nsc.setAttribute('stats',\"false\");\nsc.setAttribute('addReview',\"false\");\nsc.setAttribute('profile-pic',\"false\");\nsc.setAttribute('review-name',\"true\");\nsc.setAttribute('wl', \"true\");\nsc.setAttribute('wlndig', \"https:\/\/go.proservemarketing.com\/reign-healthcare-training\");\nsc.setAttribute('lang', \"us\");\nsc.setAttribute('brandStyle', \"%7B%22sidebar_background%22%3A%22%23072132%22%2C%22sidebar_text%22%3A%22white%22%2C%22brand_button_text_color%22%3A%22white%22%2C%22brand_main_color%22%3A%22%23676767%22%2C%22brand_button_border_radius%22%3A%2216px%22%2C%22brand_sidebar_text_color_opacity%22%3A%22%23ffffff1a%22%2C%22brand_button_hover%22%3A%22rgb(118%2C%20118%2C%20118)%22%2C%22brand_button_active%22%3A%22rgb(88%2C%2088%2C%2088)%22%2C%22brand_main_color_opacity%22%3A%22%236767671a%22%2C%22brand_font%22%3A%22Montserrat%22%2C%22star_color%22%3A%22%23128c7e%22%2C%22brand_main_background%22%3A%22%23FBF8F6%22%2C%22brand_card_background%22%3A%22white%22%2C%22poweredByLink%22%3A%22https%3A%2F%2Fproservemarketing.com%22%2C%22poweredicon%22%3A%22https%3A%2F%2Frecensioni-io-static-folder.s3.eu-central-1.amazonaws.com%2Fpublic_onlinereviews%2Freviews.proservemarketing.com%2Ftopbar.png%22%7D\");\ndocument.getElementById(\"wid_1714774877054\").appendChild(sc);\n<\/script>","protected":false},"excerpt":{"rendered":"","protected":false},"author":1,"featured_media":0,"parent":0,"menu_order":0,"comment_status":"closed","ping_status":"closed","template":"","meta":{"footnotes":""},"class_list":["post-312","page","type-page","status-publish","hentry"],"acf":[],"yoast_head":"<!-- This site is optimized with the Yoast SEO plugin v27.3 - https:\/\/yoast.com\/product\/yoast-seo-wordpress\/ -->\n<title>AHA CPR\/AED\/First-Aid Heartsaver in Kissimmee Florida<\/title>\n<meta name=\"description\" content=\"Learn life-saving skills in Kissimmee with our AHA CPR\/AED Heartsaver course. Get certified online and be prepared to respond in emergencies.\" \/>\n<meta name=\"robots\" content=\"index, follow, max-snippet:-1, max-image-preview:large, max-video-preview:-1\" \/>\n<link rel=\"canonical\" href=\"https:\/\/reignht.com\/es\/aha-cpr-aed-heartsaver\/\" \/>\n<meta property=\"og:locale\" content=\"es_ES\" \/>\n<meta property=\"og:type\" content=\"article\" \/>\n<meta property=\"og:title\" content=\"AHA CPR\/AED\/First-Aid Heartsaver in Kissimmee Florida\" \/>\n<meta property=\"og:description\" content=\"Learn life-saving skills in Kissimmee with our AHA CPR\/AED Heartsaver course. Get certified online and be prepared to respond in emergencies.\" \/>\n<meta property=\"og:url\" content=\"https:\/\/reignht.com\/es\/aha-cpr-aed-heartsaver\/\" \/>\n<meta property=\"og:site_name\" content=\"Reign Healthcare Training\" \/>\n<meta property=\"article:modified_time\" content=\"2024-11-18T15:12:21+00:00\" \/>\n<meta property=\"og:image\" content=\"https:\/\/reignht.com\/wp-content\/uploads\/2024\/04\/heartsaver.jpg\" \/>\n\t<meta property=\"og:image:width\" content=\"1202\" \/>\n\t<meta property=\"og:image:height\" content=\"1000\" \/>\n\t<meta property=\"og:image:type\" content=\"image\/jpeg\" \/>\n<meta name=\"twitter:card\" content=\"summary_large_image\" \/>\n<meta name=\"twitter:label1\" content=\"Tiempo de lectura\" \/>\n\t<meta name=\"twitter:data1\" content=\"2 minutos\" \/>\n<!-- \/ Yoast SEO plugin. -->","yoast_head_json":{"title":"AHA CPR\/AED\/First-Aid Heartsaver in Kissimmee Florida","description":"Learn life-saving skills in Kissimmee with our AHA CPR\/AED Heartsaver course. Get certified online and be prepared to respond in emergencies.","robots":{"index":"index","follow":"follow","max-snippet":"max-snippet:-1","max-image-preview":"max-image-preview:large","max-video-preview":"max-video-preview:-1"},"canonical":"https:\/\/reignht.com\/es\/aha-cpr-aed-heartsaver\/","og_locale":"es_ES","og_type":"article","og_title":"AHA CPR\/AED\/First-Aid Heartsaver in Kissimmee Florida","og_description":"Learn life-saving skills in Kissimmee with our AHA CPR\/AED Heartsaver course. Get certified online and be prepared to respond in emergencies.","og_url":"https:\/\/reignht.com\/es\/aha-cpr-aed-heartsaver\/","og_site_name":"Reign Healthcare Training","article_modified_time":"2024-11-18T15:12:21+00:00","og_image":[{"width":1202,"height":1000,"url":"https:\/\/reignht.com\/wp-content\/uploads\/2024\/04\/heartsaver.jpg","type":"image\/jpeg"}],"twitter_card":"summary_large_image","twitter_misc":{"Tiempo de lectura":"2 minutos"},"schema":{"@context":"https:\/\/schema.org","@graph":[{"@type":"WebPage","@id":"https:\/\/reignht.com\/aha-cpr-aed-heartsaver\/","url":"https:\/\/reignht.com\/aha-cpr-aed-heartsaver\/","name":"AHA CPR\/AED\/First-Aid Heartsaver in Kissimmee Florida","isPartOf":{"@id":"https:\/\/reignht.com\/#website"},"primaryImageOfPage":{"@id":"https:\/\/reignht.com\/aha-cpr-aed-heartsaver\/#primaryimage"},"image":{"@id":"https:\/\/reignht.com\/aha-cpr-aed-heartsaver\/#primaryimage"},"thumbnailUrl":"https:\/\/reignht.com\/wp-content\/uploads\/2024\/04\/heartsaver.jpg","datePublished":"2024-03-30T00:49:16+00:00","dateModified":"2024-11-18T15:12:21+00:00","description":"Learn life-saving skills in Kissimmee with our AHA CPR\/AED Heartsaver course. Get certified online and be prepared to respond in emergencies.","breadcrumb":{"@id":"https:\/\/reignht.com\/aha-cpr-aed-heartsaver\/#breadcrumb"},"inLanguage":"es","potentialAction":[{"@type":"ReadAction","target":["https:\/\/reignht.com\/aha-cpr-aed-heartsaver\/"]}]},{"@type":"ImageObject","inLanguage":"es","@id":"https:\/\/reignht.com\/aha-cpr-aed-heartsaver\/#primaryimage","url":"https:\/\/reignht.com\/wp-content\/uploads\/2024\/04\/heartsaver.jpg","contentUrl":"https:\/\/reignht.com\/wp-content\/uploads\/2024\/04\/heartsaver.jpg"},{"@type":"BreadcrumbList","@id":"https:\/\/reignht.com\/aha-cpr-aed-heartsaver\/#breadcrumb","itemListElement":[{"@type":"ListItem","position":1,"name":"Home","item":"https:\/\/reignht.com\/"},{"@type":"ListItem","position":2,"name":"AHA CPR\/AED\/First-Aid Heartsaver"}]},{"@type":"WebSite","@id":"https:\/\/reignht.com\/#website","url":"https:\/\/reignht.com\/","name":"Reign Healthcare Training","description":"Reign Healthcare Training","potentialAction":[{"@type":"SearchAction","target":{"@type":"EntryPoint","urlTemplate":"https:\/\/reignht.com\/?s={search_term_string}"},"query-input":{"@type":"PropertyValueSpecification","valueRequired":true,"valueName":"search_term_string"}}],"inLanguage":"es"}]}},"_links":{"self":[{"href":"https:\/\/reignht.com\/es\/wp-json\/wp\/v2\/pages\/312","targetHints":{"allow":["GET"]}}],"collection":[{"href":"https:\/\/reignht.com\/es\/wp-json\/wp\/v2\/pages"}],"about":[{"href":"https:\/\/reignht.com\/es\/wp-json\/wp\/v2\/types\/page"}],"author":[{"embeddable":true,"href":"https:\/\/reignht.com\/es\/wp-json\/wp\/v2\/users\/1"}],"replies":[{"embeddable":true,"href":"https:\/\/reignht.com\/es\/wp-json\/wp\/v2\/comments?post=312"}],"version-history":[{"count":20,"href":"https:\/\/reignht.com\/es\/wp-json\/wp\/v2\/pages\/312\/revisions"}],"predecessor-version":[{"id":698,"href":"https:\/\/reignht.com\/es\/wp-json\/wp\/v2\/pages\/312\/revisions\/698"}],"wp:attachment":[{"href":"https:\/\/reignht.com\/es\/wp-json\/wp\/v2\/media?parent=312"}],"curies":[{"name":"wp","href":"https:\/\/api.w.org\/{rel}","templated":true}]}}