{"id":321,"date":"2024-03-30T12:00:14","date_gmt":"2024-03-30T18:00:14","guid":{"rendered":"https:\/\/reignhct.com\/?page_id=321"},"modified":"2024-09-24T14:20:07","modified_gmt":"2024-09-24T20:20:07","slug":"acls-soporte-vital-cardiaco-avanzado","status":"publish","type":"page","link":"https:\/\/reignht.com\/es\/acls-soporte-vital-cardiaco-avanzado\/","title":{"rendered":"ACLS - Soporte Vital Cardiaco Avanzado"},"content":{"rendered":"<section class=\"wp-block-maxi-blocks-container-maxi maxi-block maxi-container-block maxi-light container-maxi-60013f8c-u\" id=\"container-maxi-60013f8c-u\">\n<div class=\"wp-block-maxi-blocks-row-maxi maxi-block maxi-row-block maxi-light row-maxi-edd0b5ee-u\" id=\"row-maxi-edd0b5ee-u\">\n<div class=\"wp-block-maxi-blocks-column-maxi maxi-block maxi-column-block maxi-light column-maxi-d4ea232d-u\" id=\"column-maxi-d4ea232d-u\">\n<figure class=\"wp-block-maxi-blocks-image-maxi maxi-block maxi-image-block maxi-light image-maxi-b6d9c1ba-u\" id=\"image-maxi-b6d9c1ba-u\"><div class=\"maxi-hover-preview maxi-image-block-wrapper\"><img loading=\"lazy\" decoding=\"async\" class=\"maxi-image-block__image wp-image-494\" src=\"https:\/\/reignht.com\/wp-content\/uploads\/2024\/04\/reign-health-cpr.jpg\" alt=\"ACLS Soporte Vital Cardiaco Avanzado\" width=\"1316\" height=\"1000\" srcset=\"https:\/\/reignht.com\/wp-content\/uploads\/2024\/04\/reign-health-cpr.jpg 1316w, https:\/\/reignht.com\/wp-content\/uploads\/2024\/04\/reign-health-cpr-300x228.jpg 300w, https:\/\/reignht.com\/wp-content\/uploads\/2024\/04\/reign-health-cpr-650x494.jpg 650w, https:\/\/reignht.com\/wp-content\/uploads\/2024\/04\/reign-health-cpr-768x584.jpg 768w\" sizes=\"auto, (max-width: 1316px) 100vw, 1316px\" \/><\/div><\/figure>\n<\/div>\n\n\n\n<div class=\"wp-block-maxi-blocks-column-maxi maxi-block maxi-column-block maxi-light column-maxi-9cb62a8a-u\" id=\"column-maxi-9cb62a8a-u\">\n<div class=\"wp-block-maxi-blocks-text-maxi maxi-block maxi-text-block maxi-light text-maxi-56fc2222-u\" id=\"text-maxi-56fc2222-u\"><h2 class=\"maxi-text-block__content\">ACLS\u00a0<\/h2><\/div>\n\n\n\n<div class=\"wp-block-maxi-blocks-text-maxi maxi-block maxi-text-block maxi-light text-maxi-48a5f5a8-u\" id=\"text-maxi-48a5f5a8-u\"><p class=\"maxi-text-block__content\">ACLS abarca la importancia de la reanimaci\u00f3n cardiopulmonar de alta calidad, el s\u00edndrome coronario agudo, la identificaci\u00f3n e intervenci\u00f3n de ritmos card\u00edacos anormales, los s\u00edntomas de los accidentes cerebrovasculares y los planes de tratamiento.\u00a0<\/p><\/div>\n\n\n\n<div class=\"wp-block-maxi-blocks-text-maxi maxi-block maxi-text-block maxi-light text-maxi-1c8ea298-u\" id=\"text-maxi-1c8ea298-u\"><p class=\"maxi-text-block__content\">\u00bfQui\u00e9n necesita este curso?<\/p><\/div>\n\n\n\n<div class=\"wp-block-maxi-blocks-text-maxi maxi-block maxi-text-block maxi-light text-maxi-b9522f20-u\" id=\"text-maxi-b9522f20-u\"><p class=\"maxi-text-block__content\">Proveedores de cuidados cr\u00edticos y de nivel avanzado, como enfermeros, m\u00e9dicos y param\u00e9dicos.<\/p><\/div>\n\n\n\n<div class=\"wp-block-maxi-blocks-text-maxi maxi-block maxi-text-block maxi-light text-maxi-79202fc4-u maxi-block--has-link\" id=\"text-maxi-79202fc4-u\"><h3 class=\"maxi-text-block__content\"><a href=\"https:\/\/reignht.enrollware.com\/schedule#ct399098\" data-id=\"https:\/\/reignht.enrollware.com\/schedule#ct399098\" target=\"_blank\" rel=\"noreferrer noopener\" title=\"https:\/\/reignht.enrollware.com\/schedule#ct399098\" class=\"maxi-text-block--link\"><span class=\"maxi-text-block--has-custom-format maxi-text-block__custom-format--0\">ACLS inicial<\/span><\/a><\/h3><\/div>\n\n\n\n<div class=\"wp-block-maxi-blocks-text-maxi maxi-block maxi-text-block maxi-light text-maxi-c00db92c-u\" id=\"text-maxi-c00db92c-u\"><p class=\"maxi-text-block__content\">Esto es para los proveedores de atenci\u00f3n sanitaria que toman este curso por primera vez o un proveedor anterior con una tarjeta caducada.\u00a0<\/p><\/div>\n\n\n\n<div class=\"wp-block-maxi-blocks-text-maxi maxi-block maxi-text-block maxi-light text-maxi-92957131-u\" id=\"text-maxi-92957131-u\"><p class=\"maxi-text-block__content\">Se trata de un curso convencional dirigido por un instructor con una prueba de megac\u00f3digo y una prueba escrita. Seg\u00fan las directrices de la American Heart Association (AHA), el examen escrito debe realizarse otro d\u00eda.\u00a0<\/p><\/div>\n\n\n\n<div class=\"wp-block-maxi-blocks-text-maxi maxi-block maxi-text-block maxi-light text-maxi-75c4a948-u\" id=\"text-maxi-75c4a948-u\"><p class=\"maxi-text-block__content\">Requisitos del curso:<\/p><\/div>\n\n\n\n<div class=\"wp-block-maxi-blocks-list-item-maxi maxi-block maxi-text-block maxi-light text-maxi-0503ec94-u wp-block-maxi-blocks-text-maxi maxi-list-block\" id=\"text-maxi-0503ec94-u\"><ul class=\"maxi-text-block__content\">\n<li class=\"wp-block-maxi-blocks-list-item-maxi maxi-block maxi-list-item-block maxi-light list-item-maxi-e0a03ec2-u\" id=\"list-item-maxi-e0a03ec2-u\"><div class=\"maxi-list-item-block__content\">Tarjeta v\u00e1lida de proveedor AHA BLS<\/div><\/li>\n\n\n\n<li class=\"wp-block-maxi-blocks-list-item-maxi maxi-block maxi-list-item-block maxi-light list-item-maxi-aed66d44-u\" id=\"list-item-maxi-aed66d44-u\"><div class=\"maxi-list-item-block__content\">Evaluaci\u00f3n previa al curso<\/div><\/li>\n\n\n\n<li class=\"wp-block-maxi-blocks-list-item-maxi maxi-block maxi-list-item-block maxi-light list-item-maxi-8cd84068-u\" id=\"list-item-maxi-8cd84068-u\"><div class=\"maxi-list-item-block__content\">Libro de texto actual de ACLS de la AHA (2020)<\/div><\/li>\n\n\n\n<li class=\"wp-block-maxi-blocks-list-item-maxi maxi-block maxi-list-item-block maxi-light list-item-maxi-3db8601a-u\" id=\"list-item-maxi-3db8601a-u\"><div class=\"maxi-list-item-block__content\">Precio - $160<\/div><\/li>\n<\/ul><\/div>\n\n\n\n<div class=\"wp-block-maxi-blocks-text-maxi maxi-block maxi-text-block maxi-light text-maxi-1684053a-u\" id=\"text-maxi-1684053a-u\"><p class=\"maxi-text-block__content\">Libro de texto de tapa dura - $56 (Los estudiantes lo recoger\u00e1n en el lugar antes del d\u00eda de clase)<\/p><\/div>\n\n\n\n<div class=\"wp-block-maxi-blocks-text-maxi maxi-block maxi-text-block maxi-light text-maxi-7a741b96-u maxi-block--has-link\" id=\"text-maxi-7a741b96-u\"><h3 class=\"maxi-text-block__content\"><a href=\"https:\/\/reignht.enrollware.com\/schedule#ct399099\" rel=\"noreferrer noopener\" title=\"https:\/\/reignht.enrollware.com\/schedule#ct399099\" data-id=\"https:\/\/reignht.enrollware.com\/schedule#ct399099\" target=\"_blank\" class=\"maxi-text-block--link\">Renovaci\u00f3n ACLS<\/a><\/h3><\/div>\n\n\n\n<div class=\"wp-block-maxi-blocks-text-maxi maxi-block maxi-text-block maxi-light text-maxi-b2a2c667-u\" id=\"text-maxi-b2a2c667-u\"><p class=\"maxi-text-block__content\">Este es un curso para proveedores de cuidados avanzados que necesitan obtener la recertificaci\u00f3n para su tarjeta de proveedor ACLS v\u00e1lida de la American Heart Association.<\/p><\/div>\n\n\n\n<div class=\"wp-block-maxi-blocks-text-maxi maxi-block maxi-text-block maxi-light text-maxi-3a557e28-u\" id=\"text-maxi-3a557e28-u\"><p class=\"maxi-text-block__content\"><span class=\"maxi-text-block--has-custom-format maxi-text-block__custom-format--1\">Requisitos del curso:<\/span><\/p><\/div>\n\n\n\n<div class=\"wp-block-maxi-blocks-list-item-maxi maxi-block maxi-text-block maxi-light text-maxi-d2cb5397-u wp-block-maxi-blocks-text-maxi maxi-list-block\" id=\"text-maxi-d2cb5397-u\"><ul class=\"maxi-text-block__content\">\n<li class=\"wp-block-maxi-blocks-list-item-maxi maxi-block maxi-list-item-block maxi-light list-item-maxi-dace0238-u\" id=\"list-item-maxi-dace0238-u\"><div class=\"maxi-list-item-block__content\">Tarjeta v\u00e1lida de proveedor de SVB de la AHA o capacidad para realizar SVB de alta calidad.<\/div><\/li>\n\n\n\n<li class=\"wp-block-maxi-blocks-list-item-maxi maxi-block maxi-list-item-block maxi-light list-item-maxi-42ffef25-u\" id=\"list-item-maxi-42ffef25-u\"><div class=\"maxi-list-item-block__content\">Tarjeta v\u00e1lida de proveedor ACLS de la AHA<\/div><\/li>\n\n\n\n<li class=\"wp-block-maxi-blocks-list-item-maxi maxi-block maxi-list-item-block maxi-light list-item-maxi-3cd59775-u\" id=\"list-item-maxi-3cd59775-u\"><div class=\"maxi-list-item-block__content\">Evaluaci\u00f3n previa al curso<\/div><\/li>\n\n\n\n<li class=\"wp-block-maxi-blocks-list-item-maxi maxi-block maxi-list-item-block maxi-light list-item-maxi-cb24edd3-u\" id=\"list-item-maxi-cb24edd3-u\"><div class=\"maxi-list-item-block__content\">Libro de texto actual de ACLS de la AHA (2020)<\/div><\/li>\n\n\n\n<li class=\"wp-block-maxi-blocks-list-item-maxi maxi-block maxi-list-item-block maxi-light list-item-maxi-951b58d2-u\" id=\"list-item-maxi-951b58d2-u\"><div class=\"maxi-list-item-block__content\">Precio - $140<\/div><\/li>\n<\/ul><\/div>\n\n\n\n<div class=\"wp-block-maxi-blocks-text-maxi maxi-block maxi-text-block maxi-light text-maxi-331bc9df-u\" id=\"text-maxi-331bc9df-u\"><p class=\"maxi-text-block__content\">Libro de texto de tapa dura - $56 (Los estudiantes lo recoger\u00e1n en el lugar antes del d\u00eda de clase)<\/p><\/div>\n\n\n\n<div class=\"wp-block-maxi-blocks-text-maxi maxi-block maxi-text-block maxi-light text-maxi-daff711b-u maxi-block--has-link\" id=\"text-maxi-daff711b-u\"><h3 class=\"maxi-text-block__content\"><a href=\"https:\/\/reignht.enrollware.com\/schedule#ct399389\" rel=\"noreferrer noopener\" title=\"https:\/\/reignht.enrollware.com\/schedule#ct399389\" data-id=\"https:\/\/reignht.enrollware.com\/schedule#ct399389\" target=\"_blank\" class=\"maxi-text-block--link\">Prueba de aptitudes ACLS<\/a><\/h3><\/div>\n\n\n\n<div class=\"wp-block-maxi-blocks-text-maxi maxi-block maxi-text-block maxi-light text-maxi-a6148dd9-u\" id=\"text-maxi-a6148dd9-u\"><p class=\"maxi-text-block__content\">Esta prueba es la segunda parte de la formaci\u00f3n semipresencial. Despu\u00e9s de completar el ACLS HeartCode en l\u00ednea, los estudiantes deben pasar una prueba de habilidades para recibir la tarjeta de proveedor de ACLS.<\/p><\/div>\n\n\n\n<div class=\"wp-block-maxi-blocks-text-maxi maxi-block maxi-text-block maxi-light text-maxi-f694f4fa-u\" id=\"text-maxi-f694f4fa-u\"><p class=\"maxi-text-block__content\">LOS ESTUDIANTES DEBEN PROPORCIONAR EL CERTIFICADO DE FINALIZACI\u00d3N EN L\u00cdNEA DE LA AMERICAN HEART ASSOCIATION PARA REALIZAR ESTA PRUEBA DE HABILIDADES.\u00a0<\/p><\/div>\n\n\n\n<div class=\"wp-block-maxi-blocks-list-item-maxi maxi-block maxi-text-block maxi-light text-maxi-a8b2303e-u wp-block-maxi-blocks-text-maxi maxi-list-block\" id=\"text-maxi-a8b2303e-u\"><ul class=\"maxi-text-block__content\">\n<li class=\"wp-block-maxi-blocks-list-item-maxi maxi-block maxi-list-item-block maxi-light list-item-maxi-5ee03f64-u\" id=\"list-item-maxi-5ee03f64-u\"><div class=\"maxi-list-item-block__content\">Precio - $100<\/div><\/li>\n\n\n\n<li class=\"wp-block-maxi-blocks-list-item-maxi maxi-block maxi-list-item-block maxi-light list-item-maxi-6e44b1ae-u\" id=\"list-item-maxi-6e44b1ae-u\"><div class=\"maxi-list-item-block__content\">HeartCode ACLS acceso - $169.99<\/div><\/li>\n<\/ul><\/div>\n\n\n\n<div class=\"wp-block-maxi-blocks-text-maxi maxi-block maxi-text-block maxi-light text-maxi-5ce490af-u\" id=\"text-maxi-5ce490af-u\"><p class=\"maxi-text-block__content\">Para todos los cursos y sesiones de habilidades, por favor, lleve ropa c\u00f3moda y calzado cubierto, ya que los estudiantes estar\u00e1n f\u00edsicamente activos y realizar\u00e1n habilidades necesarias para salvar vidas.\u00a0<\/p><\/div>\n\n\n\n<div class=\"wp-block-maxi-blocks-text-maxi maxi-block maxi-text-block maxi-light text-maxi-1a85d392-u maxi-block--has-link\" id=\"text-maxi-1a85d392-u\"><p class=\"maxi-text-block__content\">Para tarifas de grupo, <a href=\"https:\/\/reignht.com\/es\/clases-grupales-de-rcp\/\" data-type=\"link\" data-id=\"https:\/\/reignht.com\/group-cpr-classes\/\" title=\"https:\/\/reignht.com\/group-cpr-classes\/\" class=\"maxi-text-block--link\"><span class=\"maxi-text-block--has-custom-format maxi-text-block__custom-format--0\">pulse aqu\u00ed<\/span><\/a>.<\/p><\/div>\n\n\n\n<div class=\"wp-block-maxi-blocks-button-maxi maxi-block maxi-button-block maxi-light button-maxi-e76e4b69-u maxi-block--has-link\" id=\"button-maxi-e76e4b69-u\"><a href=\"https:\/\/reignht.enrollware.com\/calendar\" target=\"_self\" url=\"https:\/\/reignht.enrollware.com\/calendar\" id=\"https:\/\/reignht.enrollware.com\/calendar\" title=\"https:\/\/reignht.enrollware.com\/calendar\" type=\"link\" class=\"maxi-components-button components-button maxi-button-block__button maxi-button-block__button--icon-right\"><span class=\"maxi-button-block__content\">Ver el calendario<\/span><div class=\"maxi-button-block__icon\"><div><svg class=\"arrow-right-2-line-maxi-svg\" width=\"64px\" height=\"64px\" viewbox=\"0 0 24 24\" preserveaspectratio=\"xMidYMid slice\"><path d=\"M6.75 2.9l10.5 9.1-10.5 9.1\" fill=\"none\" data-stroke=\"rgba(var(--maxi-light-color-5,0,0,0),1)\"rgba(var(--maxi-light-color-5,0,0,0),1)\" stroke-width=\"4\" stroke-linecap=\"round\" stroke-linejoin=\"round\" stroke-miterlimit=\"10\"><\/path><\/svg><\/div><\/div><\/a><\/div>\n<\/div>\n<\/div>\n<\/section>","protected":false},"excerpt":{"rendered":"","protected":false},"author":1,"featured_media":0,"parent":0,"menu_order":0,"comment_status":"closed","ping_status":"closed","template":"","meta":{"footnotes":""},"class_list":["post-321","page","type-page","status-publish","hentry"],"acf":[],"yoast_head":"<!-- This site is optimized with the Yoast SEO plugin v27.3 - https:\/\/yoast.com\/product\/yoast-seo-wordpress\/ -->\n<title>ACLS Advanced Cardiac Life Support Kissimmee, FL<\/title>\n<meta name=\"description\" content=\"Learn about ACLS (Advanced Cardiac Life Support) certification, training &amp; guidelines to enhance your emergency medical skills in Kissimmee\" \/>\n<meta name=\"robots\" content=\"index, follow, max-snippet:-1, max-image-preview:large, max-video-preview:-1\" \/>\n<link rel=\"canonical\" href=\"https:\/\/reignht.com\/es\/acls-soporte-vital-cardiaco-avanzado\/\" \/>\n<meta property=\"og:locale\" content=\"es_ES\" \/>\n<meta property=\"og:type\" content=\"article\" \/>\n<meta property=\"og:title\" content=\"ACLS Advanced Cardiac Life Support Kissimmee, FL\" \/>\n<meta property=\"og:description\" content=\"Learn about ACLS (Advanced Cardiac Life Support) certification, training &amp; guidelines to enhance your emergency medical skills in Kissimmee\" \/>\n<meta property=\"og:url\" content=\"https:\/\/reignht.com\/es\/acls-soporte-vital-cardiaco-avanzado\/\" \/>\n<meta property=\"og:site_name\" content=\"Reign Healthcare Training\" \/>\n<meta property=\"article:modified_time\" content=\"2024-09-24T20:20:07+00:00\" \/>\n<meta property=\"og:image\" content=\"https:\/\/reignht.com\/wp-content\/uploads\/2024\/04\/reign-health-cpr.jpg\" \/>\n<meta name=\"twitter:card\" content=\"summary_large_image\" \/>\n<meta name=\"twitter:label1\" content=\"Tiempo de lectura\" \/>\n\t<meta name=\"twitter:data1\" content=\"2 minutos\" \/>\n<!-- \/ Yoast SEO plugin. -->","yoast_head_json":{"title":"ACLS Advanced Cardiac Life Support Kissimmee, FL","description":"Learn about ACLS (Advanced Cardiac Life Support) certification, training & guidelines to enhance your emergency medical skills in Kissimmee","robots":{"index":"index","follow":"follow","max-snippet":"max-snippet:-1","max-image-preview":"max-image-preview:large","max-video-preview":"max-video-preview:-1"},"canonical":"https:\/\/reignht.com\/es\/acls-soporte-vital-cardiaco-avanzado\/","og_locale":"es_ES","og_type":"article","og_title":"ACLS Advanced Cardiac Life Support Kissimmee, FL","og_description":"Learn about ACLS (Advanced Cardiac Life Support) certification, training & guidelines to enhance your emergency medical skills in Kissimmee","og_url":"https:\/\/reignht.com\/es\/acls-soporte-vital-cardiaco-avanzado\/","og_site_name":"Reign Healthcare Training","article_modified_time":"2024-09-24T20:20:07+00:00","og_image":[{"url":"https:\/\/reignht.com\/wp-content\/uploads\/2024\/04\/reign-health-cpr.jpg","type":"","width":"","height":""}],"twitter_card":"summary_large_image","twitter_misc":{"Tiempo de lectura":"2 minutos"},"schema":{"@context":"https:\/\/schema.org","@graph":[{"@type":"WebPage","@id":"https:\/\/reignht.com\/acls-advanced-cardiac-life-support\/","url":"https:\/\/reignht.com\/acls-advanced-cardiac-life-support\/","name":"ACLS Advanced Cardiac Life Support Kissimmee, FL","isPartOf":{"@id":"https:\/\/reignht.com\/#website"},"primaryImageOfPage":{"@id":"https:\/\/reignht.com\/acls-advanced-cardiac-life-support\/#primaryimage"},"image":{"@id":"https:\/\/reignht.com\/acls-advanced-cardiac-life-support\/#primaryimage"},"thumbnailUrl":"https:\/\/reignht.com\/wp-content\/uploads\/2024\/04\/reign-health-cpr.jpg","datePublished":"2024-03-30T18:00:14+00:00","dateModified":"2024-09-24T20:20:07+00:00","description":"Learn about ACLS (Advanced Cardiac Life Support) certification, training & guidelines to enhance your emergency medical skills in Kissimmee","breadcrumb":{"@id":"https:\/\/reignht.com\/acls-advanced-cardiac-life-support\/#breadcrumb"},"inLanguage":"es","potentialAction":[{"@type":"ReadAction","target":["https:\/\/reignht.com\/acls-advanced-cardiac-life-support\/"]}]},{"@type":"ImageObject","inLanguage":"es","@id":"https:\/\/reignht.com\/acls-advanced-cardiac-life-support\/#primaryimage","url":"https:\/\/reignht.com\/wp-content\/uploads\/2024\/04\/reign-health-cpr.jpg","contentUrl":"https:\/\/reignht.com\/wp-content\/uploads\/2024\/04\/reign-health-cpr.jpg"},{"@type":"BreadcrumbList","@id":"https:\/\/reignht.com\/acls-advanced-cardiac-life-support\/#breadcrumb","itemListElement":[{"@type":"ListItem","position":1,"name":"Home","item":"https:\/\/reignht.com\/"},{"@type":"ListItem","position":2,"name":"ACLS &#8211; Advanced Cardiac Life Support"}]},{"@type":"WebSite","@id":"https:\/\/reignht.com\/#website","url":"https:\/\/reignht.com\/","name":"Reign Healthcare Training","description":"Reign Healthcare Training","potentialAction":[{"@type":"SearchAction","target":{"@type":"EntryPoint","urlTemplate":"https:\/\/reignht.com\/?s={search_term_string}"},"query-input":{"@type":"PropertyValueSpecification","valueRequired":true,"valueName":"search_term_string"}}],"inLanguage":"es"}]}},"_links":{"self":[{"href":"https:\/\/reignht.com\/es\/wp-json\/wp\/v2\/pages\/321","targetHints":{"allow":["GET"]}}],"collection":[{"href":"https:\/\/reignht.com\/es\/wp-json\/wp\/v2\/pages"}],"about":[{"href":"https:\/\/reignht.com\/es\/wp-json\/wp\/v2\/types\/page"}],"author":[{"embeddable":true,"href":"https:\/\/reignht.com\/es\/wp-json\/wp\/v2\/users\/1"}],"replies":[{"embeddable":true,"href":"https:\/\/reignht.com\/es\/wp-json\/wp\/v2\/comments?post=321"}],"version-history":[{"count":32,"href":"https:\/\/reignht.com\/es\/wp-json\/wp\/v2\/pages\/321\/revisions"}],"predecessor-version":[{"id":687,"href":"https:\/\/reignht.com\/es\/wp-json\/wp\/v2\/pages\/321\/revisions\/687"}],"wp:attachment":[{"href":"https:\/\/reignht.com\/es\/wp-json\/wp\/v2\/media?parent=321"}],"curies":[{"name":"wp","href":"https:\/\/api.w.org\/{rel}","templated":true}]}}