{"id":328,"date":"2024-03-30T12:15:37","date_gmt":"2024-03-30T18:15:37","guid":{"rendered":"https:\/\/reignhct.com\/?page_id=328"},"modified":"2024-09-24T14:25:18","modified_gmt":"2024-09-24T20:25:18","slug":"soporte-vital-avanzado-pediatrico-pals","status":"publish","type":"page","link":"https:\/\/reignht.com\/es\/soporte-vital-avanzado-pediatrico-pals\/","title":{"rendered":"PALS - Soporte Vital Avanzado Pedi\u00e1trico"},"content":{"rendered":"<section class=\"wp-block-maxi-blocks-container-maxi maxi-block maxi-container-block maxi-light container-maxi-28b1c648-u\" id=\"container-maxi-28b1c648-u\">\n<div class=\"wp-block-maxi-blocks-row-maxi maxi-block maxi-row-block maxi-light row-maxi-af876d82-u\" id=\"row-maxi-af876d82-u\">\n<div class=\"wp-block-maxi-blocks-column-maxi maxi-block maxi-column-block maxi-light column-maxi-059bfe7c-u\" id=\"column-maxi-059bfe7c-u\"><div class=\"maxi-background-displayer\"><div class=\"maxi-background-displayer__layer maxi-background-displayer__1\"><\/div><\/div>\n<figure class=\"wp-block-maxi-blocks-image-maxi maxi-block maxi-image-block maxi-light image-maxi-6c03c1f5-u\" id=\"image-maxi-6c03c1f5-u\"><div class=\"maxi-hover-preview maxi-image-block-wrapper maxi-image-block-wrapper--fit-parent-size\"><img loading=\"lazy\" decoding=\"async\" class=\"maxi-image-block__image wp-image-381\" src=\"https:\/\/reignht.com\/wp-content\/uploads\/2024\/04\/reign-healthcare-pals.jpg\" alt=\"PALS - Soporte Vital Avanzado Pedi\u00e1trico\" width=\"1000\" height=\"907\" srcset=\"https:\/\/reignht.com\/wp-content\/uploads\/2024\/04\/reign-healthcare-pals.jpg 1000w, https:\/\/reignht.com\/wp-content\/uploads\/2024\/04\/reign-healthcare-pals-300x272.jpg 300w, https:\/\/reignht.com\/wp-content\/uploads\/2024\/04\/reign-healthcare-pals-650x590.jpg 650w, https:\/\/reignht.com\/wp-content\/uploads\/2024\/04\/reign-healthcare-pals-768x697.jpg 768w\" sizes=\"auto, (max-width: 1000px) 100vw, 1000px\" \/><\/div><\/figure>\n<\/div>\n\n\n\n<div class=\"wp-block-maxi-blocks-column-maxi maxi-block maxi-column-block maxi-light column-maxi-c5eeb87b-u\" id=\"column-maxi-c5eeb87b-u\">\n<div class=\"wp-block-maxi-blocks-text-maxi maxi-block maxi-text-block maxi-light text-maxi-ace70112-u\" id=\"text-maxi-ace70112-u\"><h2 class=\"maxi-text-block__content\">PALS<\/h2><\/div>\n\n\n\n<div class=\"wp-block-maxi-blocks-text-maxi maxi-block maxi-text-block maxi-light text-maxi-684fbd4f-u\" id=\"text-maxi-684fbd4f-u\"><p class=\"maxi-text-block__content\">La formaci\u00f3n PALS est\u00e1 dise\u00f1ada para los profesionales sanitarios que atienden a lactantes y ni\u00f1os gravemente enfermos o lesionados. Se centra en muchos temas, incluyendo la evaluaci\u00f3n pedi\u00e1trica, la prevenci\u00f3n, el reconocimiento y la gesti\u00f3n de las emergencias pedi\u00e1tricas potencialmente mortales, tales como...\u00a0<\/p><\/div>\n\n\n\n<div class=\"wp-block-maxi-blocks-list-item-maxi maxi-block maxi-text-block maxi-light text-maxi-77f0d93a-u wp-block-maxi-blocks-text-maxi maxi-list-block\" id=\"text-maxi-77f0d93a-u\"><ul class=\"maxi-text-block__content\">\n<li class=\"wp-block-maxi-blocks-list-item-maxi maxi-block maxi-list-item-block maxi-light list-item-maxi-455af532-u\" id=\"list-item-maxi-455af532-u\"><div class=\"maxi-list-item-block__content\">dificultad respiratoria, <\/div><\/li>\n<\/ul><\/div>\n\n\n\n<div class=\"wp-block-maxi-blocks-list-item-maxi maxi-block maxi-text-block maxi-light text-maxi-6b44d253-u wp-block-maxi-blocks-text-maxi maxi-list-block\" id=\"text-maxi-6b44d253-u\"><ul class=\"maxi-text-block__content\">\n<li class=\"wp-block-maxi-blocks-list-item-maxi maxi-block maxi-list-item-block maxi-light list-item-maxi-27b36122-u\" id=\"list-item-maxi-27b36122-u\"><div class=\"maxi-list-item-block__content\">paro card\u00edaco, y <\/div><\/li>\n<\/ul><\/div>\n\n\n\n<div class=\"wp-block-maxi-blocks-list-item-maxi maxi-block maxi-text-block maxi-light text-maxi-d50bb698-u wp-block-maxi-blocks-text-maxi maxi-list-block\" id=\"text-maxi-d50bb698-u\"><ul class=\"maxi-text-block__content\">\n<li class=\"wp-block-maxi-blocks-list-item-maxi maxi-block maxi-list-item-block maxi-light list-item-maxi-f28c9f75-u\" id=\"list-item-maxi-f28c9f75-u\"><div class=\"maxi-list-item-block__content\">shock. <\/div><\/li>\n<\/ul><\/div>\n\n\n\n<div class=\"wp-block-maxi-blocks-text-maxi maxi-block maxi-text-block maxi-light text-maxi-e81628c3-u\" id=\"text-maxi-e81628c3-u\"><p class=\"maxi-text-block__content\">La formaci\u00f3n dota a los profesionales sanitarios de los conocimientos necesarios para prestar una atenci\u00f3n de alta calidad a los pacientes pedi\u00e1tricos.<\/p><\/div>\n\n\n\n<div class=\"wp-block-maxi-blocks-text-maxi maxi-block maxi-text-block maxi-light text-maxi-7c90144b-u\" id=\"text-maxi-7c90144b-u\"><h2 class=\"maxi-text-block__content\">\u00bfQui\u00e9n necesita este curso?<\/h2><\/div>\n\n\n\n<div class=\"wp-block-maxi-blocks-text-maxi maxi-block maxi-text-block maxi-light text-maxi-65692c83-u\" id=\"text-maxi-65692c83-u\"><p class=\"maxi-text-block__content\">Proveedores de cuidados cr\u00edticos y de nivel avanzado, como enfermeros, m\u00e9dicos y param\u00e9dicos.<\/p><\/div>\n\n\n\n<div class=\"wp-block-maxi-blocks-button-maxi maxi-block maxi-button-block maxi-light button-maxi-003c9b15-u maxi-block--has-link\" id=\"button-maxi-003c9b15-u\"><a href=\"https:\/\/reignht.enrollware.com\/calendar\" target=\"_blank\" url=\"https:\/\/reignht.enrollware.com\/calendar\" id=\"https:\/\/reignht.enrollware.com\/calendar\" title=\"https:\/\/reignht.enrollware.com\/calendar\" type=\"link\" class=\"maxi-components-button components-button maxi-button-block__button maxi-button-block__button--icon-right\"><span class=\"maxi-button-block__content\">Ver el calendario<\/span><div class=\"maxi-button-block__icon\"><div><svg class=\"arrow-right-2-line-maxi-svg\" width=\"64px\" height=\"64px\" viewbox=\"0 0 24 24\" preserveaspectratio=\"xMidYMid slice\"><path d=\"M6.75 2.9l10.5 9.1-10.5 9.1\" fill=\"none\" data-stroke=\"rgba(var(--maxi-light-color-5,0,0,0),1)\"rgba(var(--maxi-light-color-5,0,0,0),1)\" stroke-width=\"4\" stroke-linecap=\"round\" stroke-linejoin=\"round\" stroke-miterlimit=\"10\"><\/path><\/svg><\/div><\/div><\/a><\/div>\n<\/div>\n<\/div>\n<\/section>\n\n\n\n<section class=\"wp-block-maxi-blocks-container-maxi maxi-block maxi-container-block maxi-light container-maxi-03754402-u\" id=\"container-maxi-03754402-u\">\n<div class=\"wp-block-maxi-blocks-row-maxi maxi-block maxi-row-block maxi-light row-maxi-91ceb69d-u\" id=\"row-maxi-91ceb69d-u\">\n<div class=\"wp-block-maxi-blocks-column-maxi maxi-block maxi-column-block maxi-light column-maxi-e2fd5e25-u\" id=\"column-maxi-e2fd5e25-u\">\n<div class=\"wp-block-maxi-blocks-text-maxi maxi-block maxi-text-block maxi-light text-maxi-22e6464f-u maxi-block--has-link\" id=\"text-maxi-22e6464f-u\"><h3 class=\"maxi-text-block__content\"><a href=\"https:\/\/reignht.enrollware.com\/schedule#ct399168\" title=\"https:\/\/reignht.enrollware.com\/schedule#ct399168\" data-type=\"link\" data-id=\"https:\/\/reignht.enrollware.com\/schedule#ct399168\" class=\"maxi-text-block--link\">PALS inicial\u00a0<\/a><\/h3><\/div>\n\n\n\n<div class=\"wp-block-maxi-blocks-text-maxi maxi-block maxi-text-block maxi-light text-maxi-69821228-u\" id=\"text-maxi-69821228-u\"><p class=\"maxi-text-block__content\">Esto es para los proveedores de asistencia sanitaria que est\u00e1n tomando este curso por primera vez o un proveedor anterior con tarjeta caducada.\u00a0<\/p><\/div>\n\n\n\n<div class=\"wp-block-maxi-blocks-text-maxi maxi-block maxi-text-block maxi-light text-maxi-6bc634cf-u\" id=\"text-maxi-6bc634cf-u\"><p class=\"maxi-text-block__content\">Este es un curso convencional dirigido por un instructor, con pruebas de casos hipot\u00e9ticos y una prueba escrita. La prueba escrita DEBE realizarse otro d\u00eda, de acuerdo con las directrices de la American Heart Association (AHA).\u00a0<\/p><\/div>\n\n\n\n<div class=\"wp-block-maxi-blocks-text-maxi maxi-block maxi-text-block maxi-light text-maxi-bd7c1839-u\" id=\"text-maxi-bd7c1839-u\"><p class=\"maxi-text-block__content\">Requisitos del curso:<\/p><\/div>\n\n\n\n<div class=\"wp-block-maxi-blocks-list-item-maxi maxi-block maxi-text-block maxi-light text-maxi-84fbc2d8-u wp-block-maxi-blocks-text-maxi maxi-list-block\" id=\"text-maxi-84fbc2d8-u\"><ul class=\"maxi-text-block__content\">\n<li class=\"wp-block-maxi-blocks-list-item-maxi maxi-block maxi-list-item-block maxi-light list-item-maxi-1468cf40-u\" id=\"list-item-maxi-1468cf40-u\"><div class=\"maxi-list-item-block__content\">Tarjeta v\u00e1lida de proveedor AHA BLS<\/div><\/li>\n\n\n\n<li class=\"wp-block-maxi-blocks-list-item-maxi maxi-block maxi-list-item-block maxi-light list-item-maxi-4f924474-u\" id=\"list-item-maxi-4f924474-u\"><div class=\"maxi-list-item-block__content\">Conocimientos de electrocardiograma y farmacolog\u00eda\u00a0<\/div><\/li>\n\n\n\n<li class=\"wp-block-maxi-blocks-list-item-maxi maxi-block maxi-list-item-block maxi-light list-item-maxi-93cc4181-u\" id=\"list-item-maxi-93cc4181-u\"><div class=\"maxi-list-item-block__content\">Libro de texto actual de AHA PALS (2020)<\/div><\/li>\n\n\n\n<li class=\"wp-block-maxi-blocks-list-item-maxi maxi-block maxi-list-item-block maxi-light list-item-maxi-b1c760f2-u\" id=\"list-item-maxi-b1c760f2-u\"><div class=\"maxi-list-item-block__content\"><span class=\"maxi-text-block--has-custom-format maxi-text-block__custom-format--1\">Precio<\/span> &#8211; $170<\/div><\/li>\n\n\n\n<li class=\"wp-block-maxi-blocks-list-item-maxi maxi-block maxi-list-item-block maxi-light list-item-maxi-fc312a8d-u\" id=\"list-item-maxi-fc312a8d-u\"><div class=\"maxi-list-item-block__content\"><span class=\"maxi-text-block--has-custom-format maxi-text-block__custom-format--1\">Libro de texto<\/span> - $65 (Los estudiantes lo recoger\u00edan en el lugar antes del d\u00eda de clase)<\/div><\/li>\n<\/ul><\/div>\n\n\n\n<div class=\"wp-block-maxi-blocks-text-maxi maxi-block maxi-text-block maxi-light text-maxi-4ef5b47d-u maxi-block--has-link\" id=\"text-maxi-4ef5b47d-u\"><h3 class=\"maxi-text-block__content\"><a href=\"https:\/\/reignht.enrollware.com\/schedule#ct399387\" title=\"https:\/\/reignht.enrollware.com\/schedule#ct399387\" data-type=\"link\" data-id=\"https:\/\/reignht.enrollware.com\/schedule#ct399387\" class=\"maxi-text-block--link\">Renovaci\u00f3n PALS<\/a><\/h3><\/div>\n\n\n\n<div class=\"wp-block-maxi-blocks-text-maxi maxi-block maxi-text-block maxi-light text-maxi-6362a804-u\" id=\"text-maxi-6362a804-u\"><p class=\"maxi-text-block__content\">Este es un curso para proveedores de cuidados avanzados que necesitan obtener la recertificaci\u00f3n de su tarjeta de proveedor PALS v\u00e1lida de la American Heart Association.<\/p><\/div>\n\n\n\n<div class=\"wp-block-maxi-blocks-text-maxi maxi-block maxi-text-block maxi-light text-maxi-69cd2ad0-u\" id=\"text-maxi-69cd2ad0-u\"><p class=\"maxi-text-block__content\"><span class=\"maxi-text-block--has-custom-format maxi-text-block__custom-format--1\">Requisitos del curso:<\/span><\/p><\/div>\n\n\n\n<div class=\"wp-block-maxi-blocks-list-item-maxi maxi-block maxi-text-block maxi-light text-maxi-39fec24e-u wp-block-maxi-blocks-text-maxi maxi-list-block\" id=\"text-maxi-39fec24e-u\"><ul class=\"maxi-text-block__content\">\n<li class=\"wp-block-maxi-blocks-list-item-maxi maxi-block maxi-list-item-block maxi-light list-item-maxi-2ecfbf0a-u\" id=\"list-item-maxi-2ecfbf0a-u\"><div class=\"maxi-list-item-block__content\">Tarjeta v\u00e1lida de proveedor de SVB de la AHA o capacidad para realizar SVB de alta calidad.<\/div><\/li>\n\n\n\n<li class=\"wp-block-maxi-blocks-list-item-maxi maxi-block maxi-list-item-block maxi-light list-item-maxi-bdda7f27-u\" id=\"list-item-maxi-bdda7f27-u\"><div class=\"maxi-list-item-block__content\">Carn\u00e9 v\u00e1lido de proveedor de PALS de la AHA<\/div><\/li>\n\n\n\n<li class=\"wp-block-maxi-blocks-list-item-maxi maxi-block maxi-list-item-block maxi-light list-item-maxi-b730d7bf-u\" id=\"list-item-maxi-b730d7bf-u\"><div class=\"maxi-list-item-block__content\">Conocimientos de electrocardiograma y farmacolog\u00eda\u00a0<\/div><\/li>\n\n\n\n<li class=\"wp-block-maxi-blocks-list-item-maxi maxi-block maxi-list-item-block maxi-light list-item-maxi-3189a682-u\" id=\"list-item-maxi-3189a682-u\"><div class=\"maxi-list-item-block__content\">Libro de texto actual de AHA PALS (2020)<\/div><\/li>\n\n\n\n<li class=\"wp-block-maxi-blocks-list-item-maxi maxi-block maxi-list-item-block maxi-light list-item-maxi-fa3bf572-u\" id=\"list-item-maxi-fa3bf572-u\"><div class=\"maxi-list-item-block__content\"><span class=\"maxi-text-block--has-custom-format maxi-text-block__custom-format--1\">Precio<\/span> &#8211; $150<\/div><\/li>\n\n\n\n<li class=\"wp-block-maxi-blocks-list-item-maxi maxi-block maxi-list-item-block maxi-light list-item-maxi-e851679e-u\" id=\"list-item-maxi-e851679e-u\"><div class=\"maxi-list-item-block__content\"><span class=\"maxi-text-block--has-custom-format maxi-text-block__custom-format--1\">Libro de texto de tapa dura<\/span> - $65 (Los estudiantes recoger\u00edan en el lugar antes del d\u00eda de clase)<\/div><\/li>\n<\/ul><\/div>\n\n\n\n<div class=\"wp-block-maxi-blocks-text-maxi maxi-block maxi-text-block maxi-light text-maxi-70c6f65d-u maxi-block--has-link\" id=\"text-maxi-70c6f65d-u\"><h3 class=\"maxi-text-block__content\"><a href=\"https:\/\/reignht.enrollware.com\/schedule#ct399388\" title=\"https:\/\/reignht.enrollware.com\/schedule#ct399388\" data-type=\"link\" data-id=\"https:\/\/reignht.enrollware.com\/schedule#ct399388\" class=\"maxi-text-block--link\">Prueba de aptitud PALS<\/a><\/h3><\/div>\n\n\n\n<div class=\"wp-block-maxi-blocks-text-maxi maxi-block maxi-text-block maxi-light text-maxi-5545ec7b-u\" id=\"text-maxi-5545ec7b-u\"><p class=\"maxi-text-block__content\">Este examen es la segunda parte de la formaci\u00f3n semipresencial. Despu\u00e9s de completar el PALS HeartCode en l\u00ednea, los estudiantes necesitan pasar una prueba de habilidades para recibir la tarjeta de proveedores de PALS.<\/p><\/div>\n\n\n\n<div class=\"wp-block-maxi-blocks-text-maxi maxi-block maxi-text-block maxi-light text-maxi-d2aae661-u\" id=\"text-maxi-d2aae661-u\"><p class=\"maxi-text-block__content\">LOS ESTUDIANTES DEBEN PROPORCIONAR EL CERTIFICADO DE FINALIZACI\u00d3N EN L\u00cdNEA DE LA AMERICAN HEART ASSOCIATION PARA REALIZAR ESTA PRUEBA DE HABILIDADES.\u00a0<\/p><\/div>\n\n\n\n<div class=\"wp-block-maxi-blocks-list-item-maxi maxi-block maxi-text-block maxi-light text-maxi-3d0b2a2c-u wp-block-maxi-blocks-text-maxi maxi-list-block\" id=\"text-maxi-3d0b2a2c-u\"><ul class=\"maxi-text-block__content\">\n<li class=\"wp-block-maxi-blocks-list-item-maxi maxi-block maxi-list-item-block maxi-light list-item-maxi-841e64ae-u\" id=\"list-item-maxi-841e64ae-u\"><div class=\"maxi-list-item-block__content\"><span class=\"maxi-text-block--has-custom-format maxi-text-block__custom-format--1\">Precio<\/span> &#8211; $100<\/div><\/li>\n\n\n\n<li class=\"wp-block-maxi-blocks-list-item-maxi maxi-block maxi-list-item-block maxi-light list-item-maxi-43e6c17b-u\" id=\"list-item-maxi-43e6c17b-u\"><div class=\"maxi-list-item-block__content\"><span class=\"maxi-text-block--has-custom-format maxi-text-block__custom-format--1\">Acceso a HeartCode PALS<\/span> &#8211; $169.99<\/div><\/li>\n<\/ul><\/div>\n\n\n\n<div class=\"wp-block-maxi-blocks-text-maxi maxi-block maxi-text-block maxi-light text-maxi-4db4406a-u\" id=\"text-maxi-4db4406a-u\"><p class=\"maxi-text-block__content\">Para todos los cursos y sesiones de habilidades, por favor, lleve ropa c\u00f3moda y calzado cubierto, ya que los estudiantes estar\u00e1n f\u00edsicamente activos y realizar\u00e1n habilidades necesarias para salvar vidas.\u00a0<\/p><\/div>\n\n\n\n<div class=\"wp-block-maxi-blocks-text-maxi maxi-block maxi-text-block maxi-light text-maxi-5813ec6d-u maxi-block--has-link\" id=\"text-maxi-5813ec6d-u\"><p class=\"maxi-text-block__content\">Para tarifas de grupo, <a href=\"https:\/\/reignht.com\/es\/clases-grupales-de-rcp\/\" data-type=\"link\" data-id=\"https:\/\/reignht.com\/group-cpr-classes\/\" title=\"https:\/\/reignht.com\/group-cpr-classes\/\" class=\"maxi-text-block--link\"><span class=\"maxi-text-block--has-custom-format maxi-text-block__custom-format--0\">pulse aqu\u00ed<\/span><\/a>.<\/p><\/div>\n\n\n\n<div class=\"wp-block-maxi-blocks-button-maxi maxi-block maxi-button-block maxi-light button-maxi-7a141584-u maxi-block--has-link\" id=\"button-maxi-7a141584-u\"><a href=\"https:\/\/reignht.enrollware.com\/calendar\" target=\"_blank\" url=\"https:\/\/reignht.enrollware.com\/calendar\" id=\"https:\/\/reignht.enrollware.com\/calendar\" title=\"https:\/\/reignht.enrollware.com\/calendar\" type=\"link\" class=\"maxi-components-button components-button maxi-button-block__button maxi-button-block__button--icon-right\"><span class=\"maxi-button-block__content\">Ver el calendario<\/span><div class=\"maxi-button-block__icon\"><div><svg class=\"arrow-right-2-line-maxi-svg\" width=\"64px\" height=\"64px\" viewbox=\"0 0 24 24\" preserveaspectratio=\"xMidYMid slice\"><path d=\"M6.75 2.9l10.5 9.1-10.5 9.1\" fill=\"none\" data-stroke=\"rgba(var(--maxi-light-color-5,0,0,0),1)\"rgba(var(--maxi-light-color-5,0,0,0),1)\" stroke-width=\"4\" stroke-linecap=\"round\" stroke-linejoin=\"round\" stroke-miterlimit=\"10\"><\/path><\/svg><\/div><\/div><\/a><\/div>\n<\/div>\n<\/div>\n<\/section>","protected":false},"excerpt":{"rendered":"","protected":false},"author":1,"featured_media":0,"parent":0,"menu_order":0,"comment_status":"closed","ping_status":"closed","template":"","meta":{"footnotes":""},"class_list":["post-328","page","type-page","status-publish","hentry"],"acf":[],"yoast_head":"<!-- This site is optimized with the Yoast SEO plugin v27.3 - https:\/\/yoast.com\/product\/yoast-seo-wordpress\/ -->\n<title>PALS - Pediatric Advanced Life Support in Kissimmee, FL<\/title>\n<meta name=\"description\" content=\"PALS (Pediatric Advanced Life Support) training enhances your pediatric emergency skills. Learn life-saving techniques in Kissimmee, FL\" \/>\n<meta name=\"robots\" content=\"index, follow, max-snippet:-1, max-image-preview:large, max-video-preview:-1\" \/>\n<link rel=\"canonical\" href=\"https:\/\/reignht.com\/es\/soporte-vital-avanzado-pediatrico-pals\/\" \/>\n<meta property=\"og:locale\" content=\"es_ES\" \/>\n<meta property=\"og:type\" content=\"article\" \/>\n<meta property=\"og:title\" content=\"PALS - Pediatric Advanced Life Support in Kissimmee, FL\" \/>\n<meta property=\"og:description\" content=\"PALS (Pediatric Advanced Life Support) training enhances your pediatric emergency skills. Learn life-saving techniques in Kissimmee, FL\" \/>\n<meta property=\"og:url\" content=\"https:\/\/reignht.com\/es\/soporte-vital-avanzado-pediatrico-pals\/\" \/>\n<meta property=\"og:site_name\" content=\"Reign Healthcare Training\" \/>\n<meta property=\"article:modified_time\" content=\"2024-09-24T20:25:18+00:00\" \/>\n<meta property=\"og:image\" content=\"https:\/\/reignht.com\/wp-content\/uploads\/2024\/04\/reign-healthcare-pals.jpg\" \/>\n<meta name=\"twitter:card\" content=\"summary_large_image\" \/>\n<meta name=\"twitter:label1\" content=\"Tiempo de lectura\" \/>\n\t<meta name=\"twitter:data1\" content=\"2 minutos\" \/>\n<!-- \/ Yoast SEO plugin. -->","yoast_head_json":{"title":"PALS - Pediatric Advanced Life Support in Kissimmee, FL","description":"PALS (Pediatric Advanced Life Support) training enhances your pediatric emergency skills. Learn life-saving techniques in Kissimmee, FL","robots":{"index":"index","follow":"follow","max-snippet":"max-snippet:-1","max-image-preview":"max-image-preview:large","max-video-preview":"max-video-preview:-1"},"canonical":"https:\/\/reignht.com\/es\/soporte-vital-avanzado-pediatrico-pals\/","og_locale":"es_ES","og_type":"article","og_title":"PALS - Pediatric Advanced Life Support in Kissimmee, FL","og_description":"PALS (Pediatric Advanced Life Support) training enhances your pediatric emergency skills. Learn life-saving techniques in Kissimmee, FL","og_url":"https:\/\/reignht.com\/es\/soporte-vital-avanzado-pediatrico-pals\/","og_site_name":"Reign Healthcare Training","article_modified_time":"2024-09-24T20:25:18+00:00","og_image":[{"url":"https:\/\/reignht.com\/wp-content\/uploads\/2024\/04\/reign-healthcare-pals.jpg","type":"","width":"","height":""}],"twitter_card":"summary_large_image","twitter_misc":{"Tiempo de lectura":"2 minutos"},"schema":{"@context":"https:\/\/schema.org","@graph":[{"@type":"WebPage","@id":"https:\/\/reignht.com\/pals-pediatric-advanced-life-support\/","url":"https:\/\/reignht.com\/pals-pediatric-advanced-life-support\/","name":"PALS - Pediatric Advanced Life Support in Kissimmee, FL","isPartOf":{"@id":"https:\/\/reignht.com\/#website"},"primaryImageOfPage":{"@id":"https:\/\/reignht.com\/pals-pediatric-advanced-life-support\/#primaryimage"},"image":{"@id":"https:\/\/reignht.com\/pals-pediatric-advanced-life-support\/#primaryimage"},"thumbnailUrl":"https:\/\/reignht.com\/wp-content\/uploads\/2024\/04\/reign-healthcare-pals.jpg","datePublished":"2024-03-30T18:15:37+00:00","dateModified":"2024-09-24T20:25:18+00:00","description":"PALS (Pediatric Advanced Life Support) training enhances your pediatric emergency skills. Learn life-saving techniques in Kissimmee, FL","breadcrumb":{"@id":"https:\/\/reignht.com\/pals-pediatric-advanced-life-support\/#breadcrumb"},"inLanguage":"es","potentialAction":[{"@type":"ReadAction","target":["https:\/\/reignht.com\/pals-pediatric-advanced-life-support\/"]}]},{"@type":"ImageObject","inLanguage":"es","@id":"https:\/\/reignht.com\/pals-pediatric-advanced-life-support\/#primaryimage","url":"https:\/\/reignht.com\/wp-content\/uploads\/2024\/04\/reign-healthcare-pals.jpg","contentUrl":"https:\/\/reignht.com\/wp-content\/uploads\/2024\/04\/reign-healthcare-pals.jpg"},{"@type":"BreadcrumbList","@id":"https:\/\/reignht.com\/pals-pediatric-advanced-life-support\/#breadcrumb","itemListElement":[{"@type":"ListItem","position":1,"name":"Home","item":"https:\/\/reignht.com\/"},{"@type":"ListItem","position":2,"name":"PALS &#8211; Pediatric Advanced Life Support"}]},{"@type":"WebSite","@id":"https:\/\/reignht.com\/#website","url":"https:\/\/reignht.com\/","name":"Reign Healthcare Training","description":"Reign Healthcare Training","potentialAction":[{"@type":"SearchAction","target":{"@type":"EntryPoint","urlTemplate":"https:\/\/reignht.com\/?s={search_term_string}"},"query-input":{"@type":"PropertyValueSpecification","valueRequired":true,"valueName":"search_term_string"}}],"inLanguage":"es"}]}},"_links":{"self":[{"href":"https:\/\/reignht.com\/es\/wp-json\/wp\/v2\/pages\/328","targetHints":{"allow":["GET"]}}],"collection":[{"href":"https:\/\/reignht.com\/es\/wp-json\/wp\/v2\/pages"}],"about":[{"href":"https:\/\/reignht.com\/es\/wp-json\/wp\/v2\/types\/page"}],"author":[{"embeddable":true,"href":"https:\/\/reignht.com\/es\/wp-json\/wp\/v2\/users\/1"}],"replies":[{"embeddable":true,"href":"https:\/\/reignht.com\/es\/wp-json\/wp\/v2\/comments?post=328"}],"version-history":[{"count":24,"href":"https:\/\/reignht.com\/es\/wp-json\/wp\/v2\/pages\/328\/revisions"}],"predecessor-version":[{"id":689,"href":"https:\/\/reignht.com\/es\/wp-json\/wp\/v2\/pages\/328\/revisions\/689"}],"wp:attachment":[{"href":"https:\/\/reignht.com\/es\/wp-json\/wp\/v2\/media?parent=328"}],"curies":[{"name":"wp","href":"https:\/\/api.w.org\/{rel}","templated":true}]}}