{"id":38,"date":"2024-03-24T13:33:45","date_gmt":"2024-03-24T13:33:45","guid":{"rendered":"https:\/\/reignhct.com\/?page_id=38"},"modified":"2024-04-23T12:22:01","modified_gmt":"2024-04-23T18:22:01","slug":"acerca-de","status":"publish","type":"page","link":"https:\/\/reignht.com\/es\/acerca-de\/","title":{"rendered":"Acerca de"},"content":{"rendered":"<section class=\"wp-block-maxi-blocks-container-maxi maxi-block maxi-container-block maxi-light container-maxi-9aef4cc4-u\" id=\"container-maxi-9aef4cc4-u\">\n<div class=\"wp-block-maxi-blocks-row-maxi maxi-block maxi-row-block maxi-light row-maxi-c7f7f202-u\" id=\"row-maxi-c7f7f202-u\">\n<div class=\"wp-block-maxi-blocks-column-maxi maxi-block maxi-column-block maxi-light column-maxi-4840a5d7-u\" id=\"column-maxi-4840a5d7-u\"><div class=\"maxi-background-displayer\"><div class=\"maxi-background-displayer__layer maxi-background-displayer__1\"><\/div><\/div>\n<figure class=\"wp-block-maxi-blocks-image-maxi maxi-block maxi-image-block maxi-light image-maxi-84b3104c-u\" id=\"image-maxi-84b3104c-u\"><div class=\"maxi-hover-preview maxi-image-block-wrapper\"><img loading=\"lazy\" decoding=\"async\" class=\"maxi-image-block__image wp-image-462\" src=\"https:\/\/reignht.com\/wp-content\/uploads\/2024\/04\/about-reign-healthcare.jpg\" alt=\"acerca de la asistencia sanitaria\" width=\"801\" height=\"1200\" srcset=\"https:\/\/reignht.com\/wp-content\/uploads\/2024\/04\/about-reign-healthcare.jpg 801w, https:\/\/reignht.com\/wp-content\/uploads\/2024\/04\/about-reign-healthcare-200x300.jpg 200w, https:\/\/reignht.com\/wp-content\/uploads\/2024\/04\/about-reign-healthcare-650x974.jpg 650w, https:\/\/reignht.com\/wp-content\/uploads\/2024\/04\/about-reign-healthcare-768x1151.jpg 768w\" sizes=\"auto, (max-width: 801px) 100vw, 801px\" \/><\/div><\/figure>\n<\/div>\n\n\n\n<div class=\"wp-block-maxi-blocks-column-maxi maxi-block maxi-column-block maxi-light column-maxi-20d66163-u\" id=\"column-maxi-20d66163-u\">\n<div class=\"wp-block-maxi-blocks-text-maxi maxi-block maxi-text-block maxi-light text-maxi-d548a804-u\" id=\"text-maxi-d548a804-u\"><p class=\"maxi-text-block__content\">Acerca de Reign Healthcare<\/p><\/div>\n\n\n\n<div class=\"wp-block-maxi-blocks-text-maxi maxi-block maxi-text-block maxi-light text-maxi-964df0b6-u\" id=\"text-maxi-964df0b6-u\"><p class=\"maxi-text-block__content\">En Reign Healthcare, nuestro principal objetivo es preparar adecuadamente a todos para que se cuiden unos a otros e intervengan de forma adecuada y eficaz en emergencias sanitarias que pongan en peligro la vida. Administrar una reanimaci\u00f3n cardiopulmonar de alta calidad o administrar otros tratamientos adecuados seg\u00fan se indique en situaciones cr\u00edticas.\u00a0<\/p><\/div>\n\n\n\n<div class=\"wp-block-maxi-blocks-text-maxi maxi-block maxi-text-block maxi-light text-maxi-ec8404cd-u\" id=\"text-maxi-ec8404cd-u\"><p class=\"maxi-text-block__content\">Formamos utilizando las directrices actualizadas de la Asociaci\u00f3n Americana del Coraz\u00f3n (AHA), por lo que nuestros cursos se actualizan peri\u00f3dicamente para reflejar las pr\u00e1cticas basadas en pruebas m\u00e1s actuales.\u00a0<\/p><\/div>\n\n\n\n<div class=\"wp-block-maxi-blocks-text-maxi maxi-block maxi-text-block maxi-light text-maxi-dbe23c95-u\" id=\"text-maxi-dbe23c95-u\"><p class=\"maxi-text-block__content\"><span class=\"maxi-text-block--has-custom-format maxi-text-block__custom-format--1\">Ofrecemos los siguientes cursos:<\/span><\/p><\/div>\n\n\n\n<div class=\"wp-block-maxi-blocks-list-item-maxi maxi-block maxi-text-block maxi-light text-maxi-a61ba9ff-u wp-block-maxi-blocks-text-maxi maxi-list-block\" id=\"text-maxi-a61ba9ff-u\"><ul class=\"maxi-text-block__content\">\n<li class=\"wp-block-maxi-blocks-list-item-maxi maxi-block maxi-list-item-block maxi-light list-item-maxi-17712ef8-u\" id=\"list-item-maxi-17712ef8-u\"><div class=\"maxi-list-item-block__content\">RCP - Reanimaci\u00f3n cardiopulmonar<\/div><\/li>\n\n\n\n<li class=\"wp-block-maxi-blocks-list-item-maxi maxi-block maxi-list-item-block maxi-light list-item-maxi-4fdf4b8e-u\" id=\"list-item-maxi-4fdf4b8e-u\"><div class=\"maxi-list-item-block__content\">SVB - Soporte Vital B\u00e1sico<\/div><\/li>\n\n\n\n<li class=\"wp-block-maxi-blocks-list-item-maxi maxi-block maxi-list-item-block maxi-light list-item-maxi-994aa3e2-u\" id=\"list-item-maxi-994aa3e2-u\"><div class=\"maxi-list-item-block__content\">ACLS - Soporte Vital Cardiaco Avanzado<\/div><\/li>\n\n\n\n<li class=\"wp-block-maxi-blocks-list-item-maxi maxi-block maxi-list-item-block maxi-light list-item-maxi-c243f382-u\" id=\"list-item-maxi-c243f382-u\"><div class=\"maxi-list-item-block__content\">PALS - Soporte Vital Cardiaco Avanzado Pedi\u00e1trico<\/div><\/li>\n<\/ul><\/div>\n\n\n\n<div class=\"wp-block-maxi-blocks-text-maxi maxi-block maxi-text-block maxi-light text-maxi-0147bee3-u\" id=\"text-maxi-0147bee3-u\"><p class=\"maxi-text-block__content\">Reign Healthcare se compromete a proporcionar un entorno de aprendizaje de apoyo e inclusivo donde las personas de todos los or\u00edgenes y experiencias puedan sentirse c\u00f3modas y seguras utilizando sus conocimientos y habilidades para salvar una vida.<\/p><\/div>\n\n\n\n<div class=\"wp-block-maxi-blocks-text-maxi maxi-block maxi-text-block maxi-light text-maxi-039891f7-u\" id=\"text-maxi-039891f7-u\"><p class=\"maxi-text-block__content\">Tanto si realiza alguno de estos cursos para progresar en su carrera profesional en el sector sanitario como si desea estar preparado para responder eficazmente en caso de emergencia, le prometemos una formaci\u00f3n excelente en todo momento.<\/p><\/div>\n\n\n\n<div class=\"wp-block-maxi-blocks-text-maxi maxi-block maxi-text-block maxi-light text-maxi-1687f079-u\" id=\"text-maxi-1687f079-u\"><p class=\"maxi-text-block__content\">Nuestra misi\u00f3n es dotar a todos de los conocimientos y habilidades necesarios para salvar vidas y marcar la diferencia en sus comunidades. Trata como te gustar\u00eda que te trataran a ti.<\/p><\/div>\n<\/div>\n<\/div>\n<\/section>","protected":false},"excerpt":{"rendered":"","protected":false},"author":1,"featured_media":0,"parent":0,"menu_order":0,"comment_status":"closed","ping_status":"closed","template":"","meta":{"footnotes":""},"class_list":["post-38","page","type-page","status-publish","hentry"],"acf":[],"yoast_head":"<!-- This site is optimized with the Yoast SEO plugin v27.3 - https:\/\/yoast.com\/product\/yoast-seo-wordpress\/ -->\n<title>About Reign Healthcare Training<\/title>\n<meta name=\"description\" content=\"Kissimmee ACLS, Kissimmee BLS courses, and Kissimmee AHA PALS through the AHA&#039;s most dynamic Kissimmee-area training site - Kissimmee Heart Training.\" \/>\n<meta name=\"robots\" content=\"index, follow, max-snippet:-1, max-image-preview:large, max-video-preview:-1\" \/>\n<link rel=\"canonical\" href=\"https:\/\/reignht.com\/es\/acerca-de\/\" \/>\n<meta property=\"og:locale\" content=\"es_ES\" \/>\n<meta property=\"og:type\" content=\"article\" \/>\n<meta property=\"og:title\" content=\"About Reign Healthcare Training\" \/>\n<meta property=\"og:description\" content=\"Kissimmee ACLS, Kissimmee BLS courses, and Kissimmee AHA PALS through the AHA&#039;s most dynamic Kissimmee-area training site - Kissimmee Heart Training.\" \/>\n<meta property=\"og:url\" content=\"https:\/\/reignht.com\/es\/acerca-de\/\" \/>\n<meta property=\"og:site_name\" content=\"Reign Healthcare Training\" \/>\n<meta property=\"article:modified_time\" content=\"2024-04-23T18:22:01+00:00\" \/>\n<meta property=\"og:image\" content=\"https:\/\/reignht.com\/wp-content\/uploads\/2024\/04\/about-reign-healthcare.jpg\" \/>\n<meta name=\"twitter:card\" content=\"summary_large_image\" \/>\n<meta name=\"twitter:label1\" content=\"Tiempo de lectura\" \/>\n\t<meta name=\"twitter:data1\" content=\"2 minutos\" \/>\n<!-- \/ Yoast SEO plugin. -->","yoast_head_json":{"title":"About Reign Healthcare Training","description":"Kissimmee ACLS, Kissimmee BLS courses, and Kissimmee AHA PALS through the AHA's most dynamic Kissimmee-area training site - Kissimmee Heart Training.","robots":{"index":"index","follow":"follow","max-snippet":"max-snippet:-1","max-image-preview":"max-image-preview:large","max-video-preview":"max-video-preview:-1"},"canonical":"https:\/\/reignht.com\/es\/acerca-de\/","og_locale":"es_ES","og_type":"article","og_title":"About Reign Healthcare Training","og_description":"Kissimmee ACLS, Kissimmee BLS courses, and Kissimmee AHA PALS through the AHA's most dynamic Kissimmee-area training site - Kissimmee Heart Training.","og_url":"https:\/\/reignht.com\/es\/acerca-de\/","og_site_name":"Reign Healthcare Training","article_modified_time":"2024-04-23T18:22:01+00:00","og_image":[{"url":"https:\/\/reignht.com\/wp-content\/uploads\/2024\/04\/about-reign-healthcare.jpg","type":"","width":"","height":""}],"twitter_card":"summary_large_image","twitter_misc":{"Tiempo de lectura":"2 minutos"},"schema":{"@context":"https:\/\/schema.org","@graph":[{"@type":"WebPage","@id":"https:\/\/reignht.com\/about\/","url":"https:\/\/reignht.com\/about\/","name":"About Reign Healthcare Training","isPartOf":{"@id":"https:\/\/reignht.com\/#website"},"primaryImageOfPage":{"@id":"https:\/\/reignht.com\/about\/#primaryimage"},"image":{"@id":"https:\/\/reignht.com\/about\/#primaryimage"},"thumbnailUrl":"https:\/\/reignht.com\/wp-content\/uploads\/2024\/04\/about-reign-healthcare.jpg","datePublished":"2024-03-24T13:33:45+00:00","dateModified":"2024-04-23T18:22:01+00:00","description":"Kissimmee ACLS, Kissimmee BLS courses, and Kissimmee AHA PALS through the AHA's most dynamic Kissimmee-area training site - Kissimmee Heart Training.","breadcrumb":{"@id":"https:\/\/reignht.com\/about\/#breadcrumb"},"inLanguage":"es","potentialAction":[{"@type":"ReadAction","target":["https:\/\/reignht.com\/about\/"]}]},{"@type":"ImageObject","inLanguage":"es","@id":"https:\/\/reignht.com\/about\/#primaryimage","url":"https:\/\/reignht.com\/wp-content\/uploads\/2024\/04\/about-reign-healthcare.jpg","contentUrl":"https:\/\/reignht.com\/wp-content\/uploads\/2024\/04\/about-reign-healthcare.jpg"},{"@type":"BreadcrumbList","@id":"https:\/\/reignht.com\/about\/#breadcrumb","itemListElement":[{"@type":"ListItem","position":1,"name":"Home","item":"https:\/\/reignht.com\/"},{"@type":"ListItem","position":2,"name":"About"}]},{"@type":"WebSite","@id":"https:\/\/reignht.com\/#website","url":"https:\/\/reignht.com\/","name":"Reign Healthcare Training","description":"Reign Healthcare Training","potentialAction":[{"@type":"SearchAction","target":{"@type":"EntryPoint","urlTemplate":"https:\/\/reignht.com\/?s={search_term_string}"},"query-input":{"@type":"PropertyValueSpecification","valueRequired":true,"valueName":"search_term_string"}}],"inLanguage":"es"}]}},"_links":{"self":[{"href":"https:\/\/reignht.com\/es\/wp-json\/wp\/v2\/pages\/38","targetHints":{"allow":["GET"]}}],"collection":[{"href":"https:\/\/reignht.com\/es\/wp-json\/wp\/v2\/pages"}],"about":[{"href":"https:\/\/reignht.com\/es\/wp-json\/wp\/v2\/types\/page"}],"author":[{"embeddable":true,"href":"https:\/\/reignht.com\/es\/wp-json\/wp\/v2\/users\/1"}],"replies":[{"embeddable":true,"href":"https:\/\/reignht.com\/es\/wp-json\/wp\/v2\/comments?post=38"}],"version-history":[{"count":17,"href":"https:\/\/reignht.com\/es\/wp-json\/wp\/v2\/pages\/38\/revisions"}],"predecessor-version":[{"id":644,"href":"https:\/\/reignht.com\/es\/wp-json\/wp\/v2\/pages\/38\/revisions\/644"}],"wp:attachment":[{"href":"https:\/\/reignht.com\/es\/wp-json\/wp\/v2\/media?parent=38"}],"curies":[{"name":"wp","href":"https:\/\/api.w.org\/{rel}","templated":true}]}}