{"id":40,"date":"2024-03-24T13:37:41","date_gmt":"2024-03-24T13:37:41","guid":{"rendered":"https:\/\/reignhct.com\/?page_id=40"},"modified":"2024-04-24T06:14:30","modified_gmt":"2024-04-24T12:14:30","slug":"formacion-en-reanimacion-cardiopulmonar-in-situ","status":"publish","type":"page","link":"https:\/\/reignht.com\/es\/formacion-en-reanimacion-cardiopulmonar-in-situ\/","title":{"rendered":"Formaci\u00f3n in situ en RCP"},"content":{"rendered":"<section class=\"wp-block-maxi-blocks-container-maxi maxi-block maxi-container-block maxi-light container-maxi-f77c17cb-u\" id=\"container-maxi-f77c17cb-u\">\n<div class=\"wp-block-maxi-blocks-row-maxi maxi-block maxi-row-block maxi-light row-maxi-43899c4b-u\" id=\"row-maxi-43899c4b-u\">\n<div class=\"wp-block-maxi-blocks-column-maxi maxi-block maxi-column-block maxi-light column-maxi-23b09282-u\" id=\"column-maxi-23b09282-u\"><div class=\"maxi-background-displayer\"><div class=\"maxi-background-displayer__layer maxi-background-displayer__1\"><\/div><\/div>\n<figure class=\"wp-block-maxi-blocks-image-maxi maxi-block maxi-image-block maxi-light image-maxi-06a72f80-u\" id=\"image-maxi-06a72f80-u\"><div class=\"maxi-hover-preview maxi-image-block-wrapper maxi-image-block-wrapper--fit-parent-size\"><img loading=\"lazy\" decoding=\"async\" class=\"maxi-image-block__image wp-image-403\" src=\"https:\/\/reignht.com\/wp-content\/uploads\/2024\/04\/onsite-cpr.jpg\" alt=\"Formaci\u00f3n in situ en RCP\" width=\"1000\" height=\"1000\" srcset=\"https:\/\/reignht.com\/wp-content\/uploads\/2024\/04\/onsite-cpr.jpg 1000w, https:\/\/reignht.com\/wp-content\/uploads\/2024\/04\/onsite-cpr-300x300.jpg 300w, https:\/\/reignht.com\/wp-content\/uploads\/2024\/04\/onsite-cpr-650x650.jpg 650w, https:\/\/reignht.com\/wp-content\/uploads\/2024\/04\/onsite-cpr-150x150.jpg 150w, https:\/\/reignht.com\/wp-content\/uploads\/2024\/04\/onsite-cpr-768x768.jpg 768w\" sizes=\"auto, (max-width: 1000px) 100vw, 1000px\" \/><\/div><\/figure>\n<\/div>\n\n\n\n<div class=\"wp-block-maxi-blocks-column-maxi maxi-block maxi-column-block maxi-light column-maxi-06e3de7b-u\" id=\"column-maxi-06e3de7b-u\">\n<div class=\"wp-block-maxi-blocks-text-maxi maxi-block maxi-text-block maxi-light text-maxi-bd7134ad-u\" id=\"text-maxi-bd7134ad-u\"><h2 class=\"maxi-text-block__content\">Formaci\u00f3n in situ en RCP con Reign Healthcare.<\/h2><\/div>\n\n\n\n<div class=\"wp-block-maxi-blocks-text-maxi maxi-block maxi-text-block maxi-light text-maxi-8b8fcc32-u\" id=\"text-maxi-8b8fcc32-u\"><p class=\"maxi-text-block__content\">Reign Healthcare ofrece RCP \/ Primeros Auxilios \/ DEA, BLS, ACLS, PALS y servicios de formaci\u00f3n en su ubicaci\u00f3n. Nuestros programas de formaci\u00f3n est\u00e1n dise\u00f1ados para equipar a las personas y organizaciones con los conocimientos esenciales y habilidades necesarias para responder eficazmente en caso de emergencia.<\/p><\/div>\n\n\n\n<div class=\"wp-block-maxi-blocks-text-maxi maxi-block maxi-text-block maxi-light text-maxi-9a054171-u\" id=\"text-maxi-9a054171-u\"><h2 class=\"maxi-text-block__content\">\u00bfPor qu\u00e9 elegir nuestra formaci\u00f3n in situ en RCP?<\/h2><\/div>\n\n\n\n<div class=\"wp-block-maxi-blocks-list-item-maxi maxi-block maxi-text-block maxi-light text-maxi-b989e77a-u wp-block-maxi-blocks-text-maxi maxi-list-block\" id=\"text-maxi-b989e77a-u\"><ul class=\"maxi-text-block__content\">\n<li class=\"wp-block-maxi-blocks-list-item-maxi maxi-block maxi-list-item-block maxi-light list-item-maxi-91ac144a-u\" id=\"list-item-maxi-91ac144a-u\"><div class=\"maxi-list-item-block__content\"><span class=\"maxi-text-block--has-custom-format maxi-text-block__custom-format--0\">Conveniencia<\/span>: Nuestras sesiones de formaci\u00f3n in situ pueden llevarse a cabo en su ubicaci\u00f3n, por lo que es conveniente para usted y su equipo para aprender RCP \/ ACLS \/ PALS sin viajar.<\/div><\/li>\n<\/ul><\/div>\n\n\n\n<div class=\"wp-block-maxi-blocks-list-item-maxi maxi-block maxi-text-block maxi-light text-maxi-bbbcbc85-u wp-block-maxi-blocks-text-maxi maxi-list-block\" id=\"text-maxi-bbbcbc85-u\"><ul class=\"maxi-text-block__content\">\n<li class=\"wp-block-maxi-blocks-list-item-maxi maxi-block maxi-list-item-block maxi-light list-item-maxi-97602413-u\" id=\"list-item-maxi-97602413-u\"><div class=\"maxi-list-item-block__content\"><span class=\"maxi-text-block--has-custom-format maxi-text-block__custom-format--0\">Instructores expertos<\/span>\u00a0<span class=\"maxi-text-block--has-custom-format maxi-text-block__custom-format--1\">&amp; Entrega excelente<\/span>: Nuestros instructores tienen mucha experiencia y est\u00e1n certificados en formaci\u00f3n en RCP, lo que garantiza que reciba la mejor instrucci\u00f3n posible.<\/div><\/li>\n<\/ul><\/div>\n\n\n\n<div class=\"wp-block-maxi-blocks-list-item-maxi maxi-block maxi-text-block maxi-light text-maxi-4e95aa48-u wp-block-maxi-blocks-text-maxi maxi-list-block\" id=\"text-maxi-4e95aa48-u\"><ul class=\"maxi-text-block__content\">\n<li class=\"wp-block-maxi-blocks-list-item-maxi maxi-block maxi-list-item-block maxi-light list-item-maxi-edf8ec30-u\" id=\"list-item-maxi-edf8ec30-u\"><div class=\"maxi-list-item-block__content\"><span class=\"maxi-text-block--has-custom-format maxi-text-block__custom-format--0\">Programas personalizados<\/span>: Ofrecemos programas de formaci\u00f3n personalizados para satisfacer las necesidades espec\u00edficas de su organizaci\u00f3n, teniendo en cuenta los riesgos y retos \u00fanicos a los que puede enfrentarse.<\/div><\/li>\n<\/ul><\/div>\n<\/div>\n<\/div>\n<\/section>\n\n\n\n<section class=\"wp-block-maxi-blocks-container-maxi maxi-block maxi-container-block maxi-light container-maxi-d8580614-u\" id=\"container-maxi-d8580614-u\">\n<div class=\"wp-block-maxi-blocks-row-maxi maxi-block maxi-row-block maxi-light row-maxi-5e07983a-u\" id=\"row-maxi-5e07983a-u\">\n<div class=\"wp-block-maxi-blocks-column-maxi maxi-block maxi-column-block maxi-light column-maxi-1c3b8782-u\" id=\"column-maxi-1c3b8782-u\">\n<div class=\"wp-block-maxi-blocks-text-maxi maxi-block maxi-text-block maxi-light text-maxi-2f490edd-u\" id=\"text-maxi-2f490edd-u\"><h2 class=\"maxi-text-block__content\">Programe su formaci\u00f3n hoy mismo<\/h2><\/div>\n\n\n\n<div class=\"wp-block-maxi-blocks-text-maxi maxi-block maxi-text-block maxi-light text-maxi-6a1fee97-u\" id=\"text-maxi-6a1fee97-u\"><p class=\"maxi-text-block__content\">No espere a que sea demasiado tarde. P\u00f3ngase en contacto con Reign Healthcare Training hoy mismo para programar su formaci\u00f3n in situ y dotarse a s\u00ed mismo y a su equipo de las habilidades necesarias para salvar vidas. Perm\u00edtanos ayudarle a crear un entorno m\u00e1s seguro y preparado para todos.<\/p><\/div>\n\n\n\n<div class=\"wp-block-maxi-blocks-button-maxi maxi-block maxi-button-block maxi-light button-maxi-0a4fcb31-u maxi-block--has-link\" id=\"button-maxi-0a4fcb31-u\"><a href=\"https:\/\/reignht.com\/es\/pongase-en-contacto-con\/\" target=\"_self\" url=\"https:\/\/reignht.com\/contact\/\" id=\"https:\/\/reignht.com\/contact\/\" title=\"https:\/\/reignht.com\/contact\/\" type=\"link\" class=\"maxi-components-button components-button maxi-button-block__button maxi-button-block__button--icon-right\"><span class=\"maxi-button-block__content\">\u00a0P\u00f3ngase en contacto con nosotros<\/span><div class=\"maxi-button-block__icon\"><div><svg class=\"arrow-right-2-line-maxi-svg\" width=\"64px\" height=\"64px\" viewbox=\"0 0 24 24\" preserveaspectratio=\"xMidYMid slice\"><path d=\"M6.75 2.9l10.5 9.1-10.5 9.1\" fill=\"none\" data-stroke=\"rgba(var(--maxi-light-color-5,0,0,0),1)\"rgba(var(--maxi-light-color-5,0,0,0),1)\" stroke-width=\"4\" stroke-linecap=\"round\" stroke-linejoin=\"round\" stroke-miterlimit=\"10\"><\/path><\/svg><\/div><\/div><\/a><\/div>\n<\/div>\n\n\n\n<div class=\"wp-block-maxi-blocks-column-maxi maxi-block maxi-column-block maxi-light column-maxi-0ea7e4a1-u\" id=\"column-maxi-0ea7e4a1-u\">\n<figure class=\"wp-block-maxi-blocks-image-maxi maxi-block maxi-image-block maxi-light image-maxi-bb341c30-u\" id=\"image-maxi-bb341c30-u\"><div class=\"maxi-hover-preview maxi-image-block-wrapper maxi-image-block-wrapper--fit-parent-size\"><img loading=\"lazy\" decoding=\"async\" class=\"maxi-image-block__image wp-image-144\" src=\"https:\/\/reignht.com\/wp-content\/uploads\/2024\/03\/min.jpg\" alt=\"Formaci\u00f3n in situ en RCP\" width=\"600\" height=\"599\" srcset=\"https:\/\/reignht.com\/wp-content\/uploads\/2024\/03\/min.jpg 600w, https:\/\/reignht.com\/wp-content\/uploads\/2024\/03\/min-300x300.jpg 300w, https:\/\/reignht.com\/wp-content\/uploads\/2024\/03\/min-150x150.jpg 150w\" sizes=\"auto, (max-width: 600px) 100vw, 600px\" \/><\/div><\/figure>\n<\/div>\n<\/div>\n<\/section>","protected":false},"excerpt":{"rendered":"","protected":false},"author":1,"featured_media":403,"parent":0,"menu_order":0,"comment_status":"closed","ping_status":"closed","template":"","meta":{"footnotes":""},"class_list":["post-40","page","type-page","status-publish","has-post-thumbnail","hentry"],"acf":[],"yoast_head":"<!-- This site is optimized with the Yoast SEO plugin v27.3 - https:\/\/yoast.com\/product\/yoast-seo-wordpress\/ -->\n<title>Onsite CPR Training - Reign Healthcare Training in Kissimmee, FL<\/title>\n<meta name=\"description\" content=\"Onsite CPR training in Kissimmee for your team with Reign Health &amp; Training. Certified instructors, flexible scheduling, &amp; hands-on practice.\" \/>\n<meta name=\"robots\" content=\"index, follow, max-snippet:-1, max-image-preview:large, max-video-preview:-1\" \/>\n<link rel=\"canonical\" href=\"https:\/\/reignht.com\/es\/formacion-en-reanimacion-cardiopulmonar-in-situ\/\" \/>\n<meta property=\"og:locale\" content=\"es_ES\" \/>\n<meta property=\"og:type\" content=\"article\" \/>\n<meta property=\"og:title\" content=\"Onsite CPR Training - Reign Healthcare Training in Kissimmee, FL\" \/>\n<meta property=\"og:description\" content=\"Onsite CPR training in Kissimmee for your team with Reign Health &amp; Training. Certified instructors, flexible scheduling, &amp; hands-on practice.\" \/>\n<meta property=\"og:url\" content=\"https:\/\/reignht.com\/es\/formacion-en-reanimacion-cardiopulmonar-in-situ\/\" \/>\n<meta property=\"og:site_name\" content=\"Reign Healthcare Training\" \/>\n<meta property=\"article:modified_time\" content=\"2024-04-24T12:14:30+00:00\" \/>\n<meta property=\"og:image\" content=\"https:\/\/reignht.com\/wp-content\/uploads\/2024\/04\/onsite-cpr.jpg\" \/>\n\t<meta property=\"og:image:width\" content=\"1000\" \/>\n\t<meta property=\"og:image:height\" content=\"1000\" \/>\n\t<meta property=\"og:image:type\" content=\"image\/jpeg\" \/>\n<meta name=\"twitter:card\" content=\"summary_large_image\" \/>\n<meta name=\"twitter:label1\" content=\"Tiempo de lectura\" \/>\n\t<meta name=\"twitter:data1\" content=\"2 minutos\" \/>\n<!-- \/ Yoast SEO plugin. -->","yoast_head_json":{"title":"Onsite CPR Training - Reign Healthcare Training in Kissimmee, FL","description":"Onsite CPR training in Kissimmee for your team with Reign Health & Training. Certified instructors, flexible scheduling, & hands-on practice.","robots":{"index":"index","follow":"follow","max-snippet":"max-snippet:-1","max-image-preview":"max-image-preview:large","max-video-preview":"max-video-preview:-1"},"canonical":"https:\/\/reignht.com\/es\/formacion-en-reanimacion-cardiopulmonar-in-situ\/","og_locale":"es_ES","og_type":"article","og_title":"Onsite CPR Training - Reign Healthcare Training in Kissimmee, FL","og_description":"Onsite CPR training in Kissimmee for your team with Reign Health & Training. Certified instructors, flexible scheduling, & hands-on practice.","og_url":"https:\/\/reignht.com\/es\/formacion-en-reanimacion-cardiopulmonar-in-situ\/","og_site_name":"Reign Healthcare Training","article_modified_time":"2024-04-24T12:14:30+00:00","og_image":[{"width":1000,"height":1000,"url":"https:\/\/reignht.com\/wp-content\/uploads\/2024\/04\/onsite-cpr.jpg","type":"image\/jpeg"}],"twitter_card":"summary_large_image","twitter_misc":{"Tiempo de lectura":"2 minutos"},"schema":{"@context":"https:\/\/schema.org","@graph":[{"@type":"WebPage","@id":"https:\/\/reignht.com\/onsite-cpr-training\/","url":"https:\/\/reignht.com\/onsite-cpr-training\/","name":"Onsite CPR Training - Reign Healthcare Training in Kissimmee, FL","isPartOf":{"@id":"https:\/\/reignht.com\/#website"},"primaryImageOfPage":{"@id":"https:\/\/reignht.com\/onsite-cpr-training\/#primaryimage"},"image":{"@id":"https:\/\/reignht.com\/onsite-cpr-training\/#primaryimage"},"thumbnailUrl":"https:\/\/reignht.com\/wp-content\/uploads\/2024\/04\/onsite-cpr.jpg","datePublished":"2024-03-24T13:37:41+00:00","dateModified":"2024-04-24T12:14:30+00:00","description":"Onsite CPR training in Kissimmee for your team with Reign Health & Training. Certified instructors, flexible scheduling, & hands-on practice.","breadcrumb":{"@id":"https:\/\/reignht.com\/onsite-cpr-training\/#breadcrumb"},"inLanguage":"es","potentialAction":[{"@type":"ReadAction","target":["https:\/\/reignht.com\/onsite-cpr-training\/"]}]},{"@type":"ImageObject","inLanguage":"es","@id":"https:\/\/reignht.com\/onsite-cpr-training\/#primaryimage","url":"https:\/\/reignht.com\/wp-content\/uploads\/2024\/04\/onsite-cpr.jpg","contentUrl":"https:\/\/reignht.com\/wp-content\/uploads\/2024\/04\/onsite-cpr.jpg","width":1000,"height":1000},{"@type":"BreadcrumbList","@id":"https:\/\/reignht.com\/onsite-cpr-training\/#breadcrumb","itemListElement":[{"@type":"ListItem","position":1,"name":"Home","item":"https:\/\/reignht.com\/"},{"@type":"ListItem","position":2,"name":"Onsite CPR Training"}]},{"@type":"WebSite","@id":"https:\/\/reignht.com\/#website","url":"https:\/\/reignht.com\/","name":"Reign Healthcare Training","description":"Reign Healthcare Training","potentialAction":[{"@type":"SearchAction","target":{"@type":"EntryPoint","urlTemplate":"https:\/\/reignht.com\/?s={search_term_string}"},"query-input":{"@type":"PropertyValueSpecification","valueRequired":true,"valueName":"search_term_string"}}],"inLanguage":"es"}]}},"_links":{"self":[{"href":"https:\/\/reignht.com\/es\/wp-json\/wp\/v2\/pages\/40","targetHints":{"allow":["GET"]}}],"collection":[{"href":"https:\/\/reignht.com\/es\/wp-json\/wp\/v2\/pages"}],"about":[{"href":"https:\/\/reignht.com\/es\/wp-json\/wp\/v2\/types\/page"}],"author":[{"embeddable":true,"href":"https:\/\/reignht.com\/es\/wp-json\/wp\/v2\/users\/1"}],"replies":[{"embeddable":true,"href":"https:\/\/reignht.com\/es\/wp-json\/wp\/v2\/comments?post=40"}],"version-history":[{"count":17,"href":"https:\/\/reignht.com\/es\/wp-json\/wp\/v2\/pages\/40\/revisions"}],"predecessor-version":[{"id":659,"href":"https:\/\/reignht.com\/es\/wp-json\/wp\/v2\/pages\/40\/revisions\/659"}],"wp:featuredmedia":[{"embeddable":true,"href":"https:\/\/reignht.com\/es\/wp-json\/wp\/v2\/media\/403"}],"wp:attachment":[{"href":"https:\/\/reignht.com\/es\/wp-json\/wp\/v2\/media?parent=40"}],"curies":[{"name":"wp","href":"https:\/\/api.w.org\/{rel}","templated":true}]}}